{"id":21597,"date":"2016-06-03T20:04:09","date_gmt":"2016-06-03T20:04:09","guid":{"rendered":"http:\/\/li-mac.org\/?page_id=21597"},"modified":"2016-06-06T15:16:14","modified_gmt":"2016-06-06T15:16:14","slug":"the-rolling-stones","status":"publish","type":"page","link":"https:\/\/li-mac.org\/es\/exhibitions\/temporary-exhibitions\/grafization\/works\/the-rolling-stones\/","title":{"rendered":"Los cantos rodados"},"content":{"rendered":"<p>Partitura para la performance Los Cantos Rodados. El t\u00edtulo de la obra tiene una relaci\u00f3n directa con su traducci\u00f3n en ingl\u00e9s \u201clos rolling stones\u201d.<\/p>","protected":false},"excerpt":{"rendered":"<p><strong>Fernando Mill\u00e1n<\/strong>  <small>(Espa\u00f1a, 1944)<\/small><br \/>\n1998<br \/>\npartitura<\/p>\n<p><small>(Cortes\u00eda del artista)<\/small><\/p>\n","protected":false},"author":2,"featured_media":21541,"parent":21570,"menu_order":6,"comment_status":"open","ping_status":"open","template":"image.php","meta":{"footnotes":""},"class_list":["post-21597","page","type-page","status-publish","has-post-thumbnail","hentry"],"_links":{"self":[{"href":"https:\/\/li-mac.org\/es\/wp-json\/wp\/v2\/pages\/21597","targetHints":{"allow":["GET"]}}],"collection":[{"href":"https:\/\/li-mac.org\/es\/wp-json\/wp\/v2\/pages"}],"about":[{"href":"https:\/\/li-mac.org\/es\/wp-json\/wp\/v2\/types\/page"}],"author":[{"embeddable":true,"href":"https:\/\/li-mac.org\/es\/wp-json\/wp\/v2\/users\/2"}],"replies":[{"embeddable":true,"href":"https:\/\/li-mac.org\/es\/wp-json\/wp\/v2\/comments?post=21597"}],"version-history":[{"count":3,"href":"https:\/\/li-mac.org\/es\/wp-json\/wp\/v2\/pages\/21597\/revisions"}],"predecessor-version":[{"id":21607,"href":"https:\/\/li-mac.org\/es\/wp-json\/wp\/v2\/pages\/21597\/revisions\/21607"}],"up":[{"embeddable":true,"href":"https:\/\/li-mac.org\/es\/wp-json\/wp\/v2\/pages\/21570"}],"wp:featuredmedia":[{"embeddable":true,"href":"https:\/\/li-mac.org\/es\/wp-json\/wp\/v2\/media\/21541"}],"wp:attachment":[{"href":"https:\/\/li-mac.org\/es\/wp-json\/wp\/v2\/media?parent=21597"}],"curies":[{"name":"wp","href":"https:\/\/api.w.org\/{rel}","templated":true}]}}