{"id":21632,"date":"2016-06-08T17:59:41","date_gmt":"2016-06-08T17:59:41","guid":{"rendered":"http:\/\/li-mac.org\/?page_id=21632"},"modified":"2016-06-16T17:21:48","modified_gmt":"2016-06-16T17:21:48","slug":"duo","status":"publish","type":"page","link":"https:\/\/li-mac.org\/es\/exhibitions\/temporary-exhibitions\/grafization\/works\/duo\/","title":{"rendered":"Fluxercise"},"content":{"rendered":"<p>Partitura \u00abDUO\u00bb para electroac\u00fastica y ejercicio para viol\u00edn con operador acompa\u00f1ado de un asistente y dos inocentes.<\/p>","protected":false},"excerpt":{"rendered":"<p><strong>Jef Chippewa<\/strong>  <small>(Canad\u00e1, 1969)<\/small><br \/>\nPartitura<\/p>\n<p><small>(Cortes\u00eda del artista)<\/small><\/p>\n","protected":false},"author":2,"featured_media":21544,"parent":21570,"menu_order":16,"comment_status":"open","ping_status":"open","template":"image.php","meta":{"footnotes":""},"class_list":["post-21632","page","type-page","status-publish","has-post-thumbnail","hentry"],"_links":{"self":[{"href":"https:\/\/li-mac.org\/es\/wp-json\/wp\/v2\/pages\/21632","targetHints":{"allow":["GET"]}}],"collection":[{"href":"https:\/\/li-mac.org\/es\/wp-json\/wp\/v2\/pages"}],"about":[{"href":"https:\/\/li-mac.org\/es\/wp-json\/wp\/v2\/types\/page"}],"author":[{"embeddable":true,"href":"https:\/\/li-mac.org\/es\/wp-json\/wp\/v2\/users\/2"}],"replies":[{"embeddable":true,"href":"https:\/\/li-mac.org\/es\/wp-json\/wp\/v2\/comments?post=21632"}],"version-history":[{"count":5,"href":"https:\/\/li-mac.org\/es\/wp-json\/wp\/v2\/pages\/21632\/revisions"}],"predecessor-version":[{"id":21757,"href":"https:\/\/li-mac.org\/es\/wp-json\/wp\/v2\/pages\/21632\/revisions\/21757"}],"up":[{"embeddable":true,"href":"https:\/\/li-mac.org\/es\/wp-json\/wp\/v2\/pages\/21570"}],"wp:featuredmedia":[{"embeddable":true,"href":"https:\/\/li-mac.org\/es\/wp-json\/wp\/v2\/media\/21544"}],"wp:attachment":[{"href":"https:\/\/li-mac.org\/es\/wp-json\/wp\/v2\/media?parent=21632"}],"curies":[{"name":"wp","href":"https:\/\/api.w.org\/{rel}","templated":true}]}}