{"id":21635,"date":"2016-06-08T18:15:25","date_gmt":"2016-06-08T18:15:25","guid":{"rendered":"http:\/\/li-mac.org\/?page_id=21635"},"modified":"2016-06-16T17:28:38","modified_gmt":"2016-06-16T17:28:38","slug":"angeles-and-kohta","status":"publish","type":"page","link":"https:\/\/li-mac.org\/es\/exhibitions\/temporary-exhibitions\/grafization\/works\/angeles-and-kohta\/","title":{"rendered":"Angeles y Kohta"},"content":{"rendered":"<p>Borradores para las partituras de \u00c1ngeles y Kohta de Jos\u00e9 Andr\u00e9s Prieto (Espa\u00f1a). Los borradores se acompa\u00f1an de anotaciones previas.<\/p>","protected":false},"excerpt":{"rendered":"<p><strong>Jos\u00e9 Andr\u00e9s Prieto<\/strong>  <small>(Espa\u00f1a)<\/small><br \/>\nPartitura<\/p>\n<p><small>(Cortes\u00eda del artista)<\/small><\/p>\n","protected":false},"author":2,"featured_media":21546,"parent":21570,"menu_order":26,"comment_status":"open","ping_status":"open","template":"image.php","meta":{"footnotes":""},"class_list":["post-21635","page","type-page","status-publish","has-post-thumbnail","hentry"],"_links":{"self":[{"href":"https:\/\/li-mac.org\/es\/wp-json\/wp\/v2\/pages\/21635","targetHints":{"allow":["GET"]}}],"collection":[{"href":"https:\/\/li-mac.org\/es\/wp-json\/wp\/v2\/pages"}],"about":[{"href":"https:\/\/li-mac.org\/es\/wp-json\/wp\/v2\/types\/page"}],"author":[{"embeddable":true,"href":"https:\/\/li-mac.org\/es\/wp-json\/wp\/v2\/users\/2"}],"replies":[{"embeddable":true,"href":"https:\/\/li-mac.org\/es\/wp-json\/wp\/v2\/comments?post=21635"}],"version-history":[{"count":3,"href":"https:\/\/li-mac.org\/es\/wp-json\/wp\/v2\/pages\/21635\/revisions"}],"predecessor-version":[{"id":21753,"href":"https:\/\/li-mac.org\/es\/wp-json\/wp\/v2\/pages\/21635\/revisions\/21753"}],"up":[{"embeddable":true,"href":"https:\/\/li-mac.org\/es\/wp-json\/wp\/v2\/pages\/21570"}],"wp:featuredmedia":[{"embeddable":true,"href":"https:\/\/li-mac.org\/es\/wp-json\/wp\/v2\/media\/21546"}],"wp:attachment":[{"href":"https:\/\/li-mac.org\/es\/wp-json\/wp\/v2\/media?parent=21635"}],"curies":[{"name":"wp","href":"https:\/\/api.w.org\/{rel}","templated":true}]}}