{"id":21851,"date":"2017-06-19T10:45:32","date_gmt":"2017-06-19T10:45:32","guid":{"rendered":"http:\/\/li-mac.org\/?page_id=21851"},"modified":"2017-06-19T19:05:49","modified_gmt":"2017-06-19T19:05:49","slug":"untitled-sands-iii","status":"publish","type":"page","link":"https:\/\/li-mac.org\/es\/exhibitions\/temporary-exhibitions\/the-middle-line\/works\/untitled-sands-iii\/","title":{"rendered":"Untitled (Arenas) III"},"content":{"rendered":"<p>El desierto fotografiado por <strong>Daniel Gustav Cramer<\/strong> en la obra de gran formato <em>Sin t\u00edtulo (Sands) III<\/em> capta las vibraciones del viento y de la tierra, donde una multitud de l\u00edneas forman un ritmo de ondas paralelas. El punto de vista no permite distinguir el horizonte pero las l\u00edneas crean un juego \u00f3ptico que parece infinito.<\/p>","protected":false},"excerpt":{"rendered":"<p><strong>Daniel Gustav Cramer<\/strong> <small>(Alemania, 1975)  <\/small><br \/>\n2014<br \/>\nC-print<br \/>\n165 \u00d7 120 cm. Edici\u00f3n \u00fanica.<\/p>\n<p><small>(Cortes\u00eda del artista y galer\u00eda Vera Cort\u00eas, Lisboa)<\/small><\/p>\n","protected":false},"author":2,"featured_media":21829,"parent":21823,"menu_order":4,"comment_status":"open","ping_status":"closed","template":"image.php","meta":{"footnotes":""},"class_list":["post-21851","page","type-page","status-publish","has-post-thumbnail","hentry"],"_links":{"self":[{"href":"https:\/\/li-mac.org\/es\/wp-json\/wp\/v2\/pages\/21851","targetHints":{"allow":["GET"]}}],"collection":[{"href":"https:\/\/li-mac.org\/es\/wp-json\/wp\/v2\/pages"}],"about":[{"href":"https:\/\/li-mac.org\/es\/wp-json\/wp\/v2\/types\/page"}],"author":[{"embeddable":true,"href":"https:\/\/li-mac.org\/es\/wp-json\/wp\/v2\/users\/2"}],"replies":[{"embeddable":true,"href":"https:\/\/li-mac.org\/es\/wp-json\/wp\/v2\/comments?post=21851"}],"version-history":[{"count":2,"href":"https:\/\/li-mac.org\/es\/wp-json\/wp\/v2\/pages\/21851\/revisions"}],"predecessor-version":[{"id":21919,"href":"https:\/\/li-mac.org\/es\/wp-json\/wp\/v2\/pages\/21851\/revisions\/21919"}],"up":[{"embeddable":true,"href":"https:\/\/li-mac.org\/es\/wp-json\/wp\/v2\/pages\/21823"}],"wp:featuredmedia":[{"embeddable":true,"href":"https:\/\/li-mac.org\/es\/wp-json\/wp\/v2\/media\/21829"}],"wp:attachment":[{"href":"https:\/\/li-mac.org\/es\/wp-json\/wp\/v2\/media?parent=21851"}],"curies":[{"name":"wp","href":"https:\/\/api.w.org\/{rel}","templated":true}]}}