{"id":21865,"date":"2017-06-19T11:17:46","date_gmt":"2017-06-19T11:17:46","guid":{"rendered":"http:\/\/li-mac.org\/?page_id=21865"},"modified":"2017-06-19T19:10:37","modified_gmt":"2017-06-19T19:10:37","slug":"tales-nervi-italia-octubre-2014","status":"publish","type":"page","link":"https:\/\/li-mac.org\/es\/exhibitions\/temporary-exhibitions\/the-middle-line\/works\/tales-nervi-italia-octubre-2014\/","title":{"rendered":"Tales (Nervi, Italia, Octubre 2014)"},"content":{"rendered":"<p>En\u00a0 esta obra, un d\u00edptico fotogr\u00e1fico de la serie <em>Tales, <\/em>que re\u00fane escenas de viajes a veces s\u00f3lo separadas por segundos, se establece una relaci\u00f3n con el fragmento y la continuidad de una posible narrativa del paisaje.<\/p>","protected":false},"excerpt":{"rendered":"<p><strong>Daniel Gustav Cramer<\/strong> <small>(Alemania, 1975)  <\/small><br \/>\n2016<br \/>\nC-prints<br \/>\n25 x 20.5 cm cada uno, d\u00edptico<\/p>\n<p><small>(Cortes\u00eda del artista y galer\u00eda Vera Cort\u00eas, Lisboa)<\/small><\/p>\n","protected":false},"author":2,"featured_media":21831,"parent":21823,"menu_order":6,"comment_status":"open","ping_status":"closed","template":"image.php","meta":{"footnotes":""},"class_list":["post-21865","page","type-page","status-publish","has-post-thumbnail","hentry"],"_links":{"self":[{"href":"https:\/\/li-mac.org\/es\/wp-json\/wp\/v2\/pages\/21865","targetHints":{"allow":["GET"]}}],"collection":[{"href":"https:\/\/li-mac.org\/es\/wp-json\/wp\/v2\/pages"}],"about":[{"href":"https:\/\/li-mac.org\/es\/wp-json\/wp\/v2\/types\/page"}],"author":[{"embeddable":true,"href":"https:\/\/li-mac.org\/es\/wp-json\/wp\/v2\/users\/2"}],"replies":[{"embeddable":true,"href":"https:\/\/li-mac.org\/es\/wp-json\/wp\/v2\/comments?post=21865"}],"version-history":[{"count":3,"href":"https:\/\/li-mac.org\/es\/wp-json\/wp\/v2\/pages\/21865\/revisions"}],"predecessor-version":[{"id":21921,"href":"https:\/\/li-mac.org\/es\/wp-json\/wp\/v2\/pages\/21865\/revisions\/21921"}],"up":[{"embeddable":true,"href":"https:\/\/li-mac.org\/es\/wp-json\/wp\/v2\/pages\/21823"}],"wp:featuredmedia":[{"embeddable":true,"href":"https:\/\/li-mac.org\/es\/wp-json\/wp\/v2\/media\/21831"}],"wp:attachment":[{"href":"https:\/\/li-mac.org\/es\/wp-json\/wp\/v2\/media?parent=21865"}],"curies":[{"name":"wp","href":"https:\/\/api.w.org\/{rel}","templated":true}]}}