{"id":21874,"date":"2017-06-19T11:44:33","date_gmt":"2017-06-19T11:44:33","guid":{"rendered":"http:\/\/li-mac.org\/?page_id=21874"},"modified":"2017-06-19T19:21:50","modified_gmt":"2017-06-19T19:21:50","slug":"after-tableau-bateau","status":"publish","type":"page","link":"https:\/\/li-mac.org\/es\/exhibitions\/temporary-exhibitions\/the-middle-line\/works\/after-tableau-bateau\/","title":{"rendered":"D\u00b4apr\u00e8s Tableau Bateau"},"content":{"rendered":"<p>La pintura hecha a partir de una imagen del video Tableau Bateau (literalmente Cuadro Barco) de Sean Snyder (Estados Unidos, 1972) permite hablar de esta obra que desgraciadamente no pudo llegar a tiempo a la exposici\u00f3n. Realizada a partir de fragmentos encontrados en Internet de tempestades mar\u00edtimas acontecidas desde principios del siglo pasado hasta los a\u00f1os recientes, est\u00e1 reproducida en un tel\u00e9fono m\u00f3vil hackeado. Asocia la liquidez de estas escenas mar\u00edtimas con la movilidad de la imagen en este soporte. Las tempestades son la met\u00e1fora de los cambios acontecidos en la tecnolog\u00eda pero tambi\u00e9n se pueden entender como s\u00edntoma de la crisis ambiental que se avecina, que muestran un horizonte intangible en permanente ondulaci\u00f3n.<\/p>","protected":false},"excerpt":{"rendered":"<p><strong>Producci\u00f3n LiMac<\/strong> <small>(Peru, 2002)<\/small><br \/>\n2016<br \/>\n\u00f3leo sobre lienzo<br \/>\n21,5 x 27 cm. <\/p>\n<p><small>(Cortes\u00eda del LiMac)<\/small><\/p>\n","protected":false},"author":2,"featured_media":21828,"parent":21823,"menu_order":8,"comment_status":"open","ping_status":"closed","template":"image.php","meta":{"footnotes":""},"class_list":["post-21874","page","type-page","status-publish","has-post-thumbnail","hentry"],"_links":{"self":[{"href":"https:\/\/li-mac.org\/es\/wp-json\/wp\/v2\/pages\/21874","targetHints":{"allow":["GET"]}}],"collection":[{"href":"https:\/\/li-mac.org\/es\/wp-json\/wp\/v2\/pages"}],"about":[{"href":"https:\/\/li-mac.org\/es\/wp-json\/wp\/v2\/types\/page"}],"author":[{"embeddable":true,"href":"https:\/\/li-mac.org\/es\/wp-json\/wp\/v2\/users\/2"}],"replies":[{"embeddable":true,"href":"https:\/\/li-mac.org\/es\/wp-json\/wp\/v2\/comments?post=21874"}],"version-history":[{"count":4,"href":"https:\/\/li-mac.org\/es\/wp-json\/wp\/v2\/pages\/21874\/revisions"}],"predecessor-version":[{"id":21927,"href":"https:\/\/li-mac.org\/es\/wp-json\/wp\/v2\/pages\/21874\/revisions\/21927"}],"up":[{"embeddable":true,"href":"https:\/\/li-mac.org\/es\/wp-json\/wp\/v2\/pages\/21823"}],"wp:featuredmedia":[{"embeddable":true,"href":"https:\/\/li-mac.org\/es\/wp-json\/wp\/v2\/media\/21828"}],"wp:attachment":[{"href":"https:\/\/li-mac.org\/es\/wp-json\/wp\/v2\/media?parent=21874"}],"curies":[{"name":"wp","href":"https:\/\/api.w.org\/{rel}","templated":true}]}}