{"id":21877,"date":"2017-06-19T14:11:58","date_gmt":"2017-06-19T14:11:58","guid":{"rendered":"http:\/\/li-mac.org\/?page_id=21877"},"modified":"2017-06-19T19:13:59","modified_gmt":"2017-06-19T19:13:59","slug":"untitled","status":"publish","type":"page","link":"https:\/\/li-mac.org\/es\/exhibitions\/temporary-exhibitions\/the-middle-line\/works\/untitled\/","title":{"rendered":"Sin t\u00edtulo"},"content":{"rendered":"<p>Las pinceladas de la reciente pintura enc\u00e1ustica de <strong>Jo<\/strong><strong>\u00e3<\/strong><strong>o Queiroz<\/strong> generan un espacio circular. En \u00e9sta, el perfil de la tierra y del cielo se ba\u00f1an en un mismo halo de luz. El movimiento de la pintura delinea el relieve cambiante del horizonte.<\/p>","protected":false},"excerpt":{"rendered":"<p><strong>Jo\u00e3o Queiroz <\/strong> <small>(Portugal, 1957)<\/small><br \/>\n2015<br \/>\npintura enc\u00e1ustica sobre madera<br \/>\n73,5 x 92 cm.<\/p>\n<p><small>(Cortes\u00eda del artista galer\u00eda Vera Cort\u00eas, Lisbon)<\/small><\/p>\n","protected":false},"author":2,"featured_media":21860,"parent":21823,"menu_order":9,"comment_status":"open","ping_status":"closed","template":"image.php","meta":{"footnotes":""},"class_list":["post-21877","page","type-page","status-publish","has-post-thumbnail","hentry"],"_links":{"self":[{"href":"https:\/\/li-mac.org\/es\/wp-json\/wp\/v2\/pages\/21877","targetHints":{"allow":["GET"]}}],"collection":[{"href":"https:\/\/li-mac.org\/es\/wp-json\/wp\/v2\/pages"}],"about":[{"href":"https:\/\/li-mac.org\/es\/wp-json\/wp\/v2\/types\/page"}],"author":[{"embeddable":true,"href":"https:\/\/li-mac.org\/es\/wp-json\/wp\/v2\/users\/2"}],"replies":[{"embeddable":true,"href":"https:\/\/li-mac.org\/es\/wp-json\/wp\/v2\/comments?post=21877"}],"version-history":[{"count":2,"href":"https:\/\/li-mac.org\/es\/wp-json\/wp\/v2\/pages\/21877\/revisions"}],"predecessor-version":[{"id":21923,"href":"https:\/\/li-mac.org\/es\/wp-json\/wp\/v2\/pages\/21877\/revisions\/21923"}],"up":[{"embeddable":true,"href":"https:\/\/li-mac.org\/es\/wp-json\/wp\/v2\/pages\/21823"}],"wp:featuredmedia":[{"embeddable":true,"href":"https:\/\/li-mac.org\/es\/wp-json\/wp\/v2\/media\/21860"}],"wp:attachment":[{"href":"https:\/\/li-mac.org\/es\/wp-json\/wp\/v2\/media?parent=21877"}],"curies":[{"name":"wp","href":"https:\/\/api.w.org\/{rel}","templated":true}]}}