{"id":21879,"date":"2017-06-19T16:04:58","date_gmt":"2017-06-19T16:04:58","guid":{"rendered":"http:\/\/li-mac.org\/?page_id=21879"},"modified":"2017-06-19T16:09:44","modified_gmt":"2017-06-19T16:09:44","slug":"untitled-2","status":"publish","type":"page","link":"https:\/\/li-mac.org\/es\/exhibitions\/temporary-exhibitions\/the-middle-line\/works\/untitled-2\/","title":{"rendered":"Untitled"},"content":{"rendered":"<p>La obra de la aclamada artista y poeta Etel Adnan (L\u00edbano, 1925) enlaza la abstracci\u00f3n con la<br \/>\nfiguraci\u00f3n del paisaje. En la pintura de la monta\u00f1a Tamalpais, en San Francisco, que Adnan pint\u00f3<br \/>\nnumerosas veces, como C\u00e9zanne pintara la monta\u00f1a Saint Victoire, la utilizaci\u00f3n de los colores vibrantes<br \/>\nrecuerda a los paisajes de arte naif, que, al igual que ella, celebran la vida y la naturaleza como una<br \/>\nunidad.<\/p>\n<p>(1) <a href=\"http:\/\/tlmagazine.com\/contributor\/laura-herman\/\">Laura Herman<\/a>, \u00abHans Ulrich Obrist\u00bb, <a href=\"http:\/\/tlmagazine.com\/online-edition\/tlmag-25-extended\/\">TLmag 25 extended<\/a>, <a href=\"http:\/\/tlmagazine.com\/online-edition\/tlmag-25-extended\/\">Jul 8, 2016,<\/a> http:\/\/tlmagazine.com\/hans-ulrich-obrist\/<\/p>","protected":false},"excerpt":{"rendered":"<p><strong>Etel Adnan<\/strong> <small>(L\u00edbano, 1925) <\/small><br \/>\n2014<br \/>\n\u00f3leo sobre lienzo<br \/>\n32 x 41 cm.<\/p>\n<p><small>(Colecci\u00f3n privada, Madrid)<\/small><\/p>\n","protected":false},"author":2,"featured_media":21862,"parent":21823,"menu_order":10,"comment_status":"open","ping_status":"closed","template":"image.php","meta":{"footnotes":""},"class_list":["post-21879","page","type-page","status-publish","has-post-thumbnail","hentry"],"_links":{"self":[{"href":"https:\/\/li-mac.org\/es\/wp-json\/wp\/v2\/pages\/21879","targetHints":{"allow":["GET"]}}],"collection":[{"href":"https:\/\/li-mac.org\/es\/wp-json\/wp\/v2\/pages"}],"about":[{"href":"https:\/\/li-mac.org\/es\/wp-json\/wp\/v2\/types\/page"}],"author":[{"embeddable":true,"href":"https:\/\/li-mac.org\/es\/wp-json\/wp\/v2\/users\/2"}],"replies":[{"embeddable":true,"href":"https:\/\/li-mac.org\/es\/wp-json\/wp\/v2\/comments?post=21879"}],"version-history":[{"count":1,"href":"https:\/\/li-mac.org\/es\/wp-json\/wp\/v2\/pages\/21879\/revisions"}],"predecessor-version":[{"id":21880,"href":"https:\/\/li-mac.org\/es\/wp-json\/wp\/v2\/pages\/21879\/revisions\/21880"}],"up":[{"embeddable":true,"href":"https:\/\/li-mac.org\/es\/wp-json\/wp\/v2\/pages\/21823"}],"wp:featuredmedia":[{"embeddable":true,"href":"https:\/\/li-mac.org\/es\/wp-json\/wp\/v2\/media\/21862"}],"wp:attachment":[{"href":"https:\/\/li-mac.org\/es\/wp-json\/wp\/v2\/media?parent=21879"}],"curies":[{"name":"wp","href":"https:\/\/api.w.org\/{rel}","templated":true}]}}