{"id":21881,"date":"2017-06-19T16:15:40","date_gmt":"2017-06-19T16:15:40","guid":{"rendered":"http:\/\/li-mac.org\/?page_id=21881"},"modified":"2017-06-19T19:15:37","modified_gmt":"2017-06-19T19:15:37","slug":"cartographic-serie-iii","status":"publish","type":"page","link":"https:\/\/li-mac.org\/es\/exhibitions\/temporary-exhibitions\/the-middle-line\/works\/cartographic-serie-iii\/","title":{"rendered":"Serie Cartographica III"},"content":{"rendered":"<p>Otro cambio de perspectiva se observa en un fotograbado de la <em>Serie Cartogr\u00e1fica III<\/em> hecho a partir de fotograf\u00edas satelitales de alta definici\u00f3n de la NASA cuyos derechos fueron adquiridos por el artista. Se muestra c\u00f3mo nuestra forma de ver y de entender el mundo est\u00e1 mediado por los avances tecnol\u00f3gicos y nuestro horizonte est\u00e1 ahora determinado por ellos.<\/p>","protected":false},"excerpt":{"rendered":"<p><strong>Olafur Eliasson<\/strong> <small>(Dinamarca, 1967)<\/small><br \/>\n2004<br \/>\nFotograbado sobre papel<br \/>\n46 x 46 cm.<br \/>\nEdici\u00f3n 2 de 16<\/p>\n<p><small>(Cortes\u00eda <a href=\"http:\/\/www.olafureliasson.net\/studio.html\" rel=\"external\">estudio Olafur Eliasson<\/a>)<\/small><\/p>\n","protected":false},"author":2,"featured_media":812,"parent":21823,"menu_order":11,"comment_status":"open","ping_status":"closed","template":"image.php","meta":{"footnotes":""},"class_list":["post-21881","page","type-page","status-publish","has-post-thumbnail","hentry"],"_links":{"self":[{"href":"https:\/\/li-mac.org\/es\/wp-json\/wp\/v2\/pages\/21881","targetHints":{"allow":["GET"]}}],"collection":[{"href":"https:\/\/li-mac.org\/es\/wp-json\/wp\/v2\/pages"}],"about":[{"href":"https:\/\/li-mac.org\/es\/wp-json\/wp\/v2\/types\/page"}],"author":[{"embeddable":true,"href":"https:\/\/li-mac.org\/es\/wp-json\/wp\/v2\/users\/2"}],"replies":[{"embeddable":true,"href":"https:\/\/li-mac.org\/es\/wp-json\/wp\/v2\/comments?post=21881"}],"version-history":[{"count":2,"href":"https:\/\/li-mac.org\/es\/wp-json\/wp\/v2\/pages\/21881\/revisions"}],"predecessor-version":[{"id":21924,"href":"https:\/\/li-mac.org\/es\/wp-json\/wp\/v2\/pages\/21881\/revisions\/21924"}],"up":[{"embeddable":true,"href":"https:\/\/li-mac.org\/es\/wp-json\/wp\/v2\/pages\/21823"}],"wp:featuredmedia":[{"embeddable":true,"href":"https:\/\/li-mac.org\/es\/wp-json\/wp\/v2\/media\/812"}],"wp:attachment":[{"href":"https:\/\/li-mac.org\/es\/wp-json\/wp\/v2\/media?parent=21881"}],"curies":[{"name":"wp","href":"https:\/\/api.w.org\/{rel}","templated":true}]}}