{"id":21884,"date":"2017-06-19T16:23:14","date_gmt":"2017-06-19T16:23:14","guid":{"rendered":"http:\/\/li-mac.org\/?page_id=21884"},"modified":"2017-06-19T16:34:34","modified_gmt":"2017-06-19T16:34:34","slug":"there-are-no-straight-lines-in-nature","status":"publish","type":"page","link":"https:\/\/li-mac.org\/es\/exhibitions\/temporary-exhibitions\/the-middle-line\/works\/there-are-no-straight-lines-in-nature\/","title":{"rendered":"No hay l\u00edneas rectas en la naturaleza"},"content":{"rendered":"<p>La tensi\u00f3n entre el horizonte y su representaci\u00f3n se manifiesta en No hay l\u00edneas rectas en la naturaleza donde Sandra Gamarra (Per\u00fa, 1972) se apropia de varias obras de paisaje cl\u00e1sico para pintarlas en unas bases de espejo. Distintas l\u00edneas de horizonte se entrecruzan y expanden el contenido original de cada obra. Mediante esta ilusi\u00f3n, Gamarra cuestiona la representaci\u00f3n y la estructura del paisaje.<\/p>","protected":false},"excerpt":{"rendered":"<p><strong> Sandra Gamarra<\/strong> <small>(Per\u00fa, 1972)<\/small><br \/>\n2017<br \/>\n\u00f3leo y collage sobre bases de espejos<br \/>\ndimensiones variables<\/p>\n<p><small>(Cortes\u00eda del artista)<\/small><\/p>\n","protected":false},"author":2,"featured_media":21866,"parent":21823,"menu_order":12,"comment_status":"open","ping_status":"closed","template":"image.php","meta":{"footnotes":""},"class_list":["post-21884","page","type-page","status-publish","has-post-thumbnail","hentry"],"_links":{"self":[{"href":"https:\/\/li-mac.org\/es\/wp-json\/wp\/v2\/pages\/21884","targetHints":{"allow":["GET"]}}],"collection":[{"href":"https:\/\/li-mac.org\/es\/wp-json\/wp\/v2\/pages"}],"about":[{"href":"https:\/\/li-mac.org\/es\/wp-json\/wp\/v2\/types\/page"}],"author":[{"embeddable":true,"href":"https:\/\/li-mac.org\/es\/wp-json\/wp\/v2\/users\/2"}],"replies":[{"embeddable":true,"href":"https:\/\/li-mac.org\/es\/wp-json\/wp\/v2\/comments?post=21884"}],"version-history":[{"count":2,"href":"https:\/\/li-mac.org\/es\/wp-json\/wp\/v2\/pages\/21884\/revisions"}],"predecessor-version":[{"id":21887,"href":"https:\/\/li-mac.org\/es\/wp-json\/wp\/v2\/pages\/21884\/revisions\/21887"}],"up":[{"embeddable":true,"href":"https:\/\/li-mac.org\/es\/wp-json\/wp\/v2\/pages\/21823"}],"wp:featuredmedia":[{"embeddable":true,"href":"https:\/\/li-mac.org\/es\/wp-json\/wp\/v2\/media\/21866"}],"wp:attachment":[{"href":"https:\/\/li-mac.org\/es\/wp-json\/wp\/v2\/media?parent=21884"}],"curies":[{"name":"wp","href":"https:\/\/api.w.org\/{rel}","templated":true}]}}