{"id":21888,"date":"2017-06-19T16:47:08","date_gmt":"2017-06-19T16:47:08","guid":{"rendered":"http:\/\/li-mac.org\/?page_id=21888"},"modified":"2017-06-19T19:22:19","modified_gmt":"2017-06-19T19:22:19","slug":"how-is-it","status":"publish","type":"page","link":"https:\/\/li-mac.org\/es\/exhibitions\/temporary-exhibitions\/the-middle-line\/works\/how-is-it\/","title":{"rendered":"\u00bfC\u00f3mo es?"},"content":{"rendered":"<p>En el d\u00edptico <em>\u00bfC\u00f3mo es?<\/em> el artista pregunta c\u00f3mo se pueden mirar las ruinas de Pachacamac en el terreno arenoso de la costa lime\u00f1a. Las dos pinturas presentan una misma escena, pero una de ellas ha sido colgada al rev\u00e9s. En esta inversi\u00f3n del horizonte, el humor sirve de clave para disolver las convenciones y mostrar el lado surreal del paisaje.<\/p>","protected":false},"excerpt":{"rendered":"<p><strong>Dare Dovidjenko<\/strong> <small>(Croacia, 1949)<\/small><br \/>\n2016<br \/>\n\u00f3leo sobre lienzo<br \/>\n40 x 60 cm, cada uno. (d\u00edptico)<\/p>\n<p><small>(Cortes\u00eda del artista)<\/small><\/p>\n","protected":false},"author":2,"featured_media":21859,"parent":21823,"menu_order":13,"comment_status":"open","ping_status":"closed","template":"image.php","meta":{"footnotes":""},"class_list":["post-21888","page","type-page","status-publish","has-post-thumbnail","hentry"],"_links":{"self":[{"href":"https:\/\/li-mac.org\/es\/wp-json\/wp\/v2\/pages\/21888","targetHints":{"allow":["GET"]}}],"collection":[{"href":"https:\/\/li-mac.org\/es\/wp-json\/wp\/v2\/pages"}],"about":[{"href":"https:\/\/li-mac.org\/es\/wp-json\/wp\/v2\/types\/page"}],"author":[{"embeddable":true,"href":"https:\/\/li-mac.org\/es\/wp-json\/wp\/v2\/users\/2"}],"replies":[{"embeddable":true,"href":"https:\/\/li-mac.org\/es\/wp-json\/wp\/v2\/comments?post=21888"}],"version-history":[{"count":3,"href":"https:\/\/li-mac.org\/es\/wp-json\/wp\/v2\/pages\/21888\/revisions"}],"predecessor-version":[{"id":21928,"href":"https:\/\/li-mac.org\/es\/wp-json\/wp\/v2\/pages\/21888\/revisions\/21928"}],"up":[{"embeddable":true,"href":"https:\/\/li-mac.org\/es\/wp-json\/wp\/v2\/pages\/21823"}],"wp:featuredmedia":[{"embeddable":true,"href":"https:\/\/li-mac.org\/es\/wp-json\/wp\/v2\/media\/21859"}],"wp:attachment":[{"href":"https:\/\/li-mac.org\/es\/wp-json\/wp\/v2\/media?parent=21888"}],"curies":[{"name":"wp","href":"https:\/\/api.w.org\/{rel}","templated":true}]}}