{"id":2237,"date":"2011-09-05T14:36:21","date_gmt":"2011-09-05T14:36:21","guid":{"rendered":"http:\/\/li-mac.org\/wp\/"},"modified":"2014-01-15T14:35:27","modified_gmt":"2014-01-15T14:35:27","slug":"residente-pulido-limoges","status":"publish","type":"page","link":"https:\/\/li-mac.org\/es\/exhibitions\/permanent-exhibition\/phantom-limbs\/isolated-areas\/residente-pulido-limoges\/","title":{"rendered":"Residente pulido"},"content":{"rendered":"<p><\/p>\n<div>\n<p><em>Residente pulido<\/em>, re\u00fane im\u00e1genes de edificios construidos por europeos durante los a\u00f1os de la modernidad (1930-1960) en Caracas. Al borrar todos los accesos a estas construcciones, la arquitectura parece haber perdido su funci\u00f3n. Como monolitos milenarios, moldes de m\u00e1quinas o bunkers preparados para un desastre, los habitantes est\u00e1n excluidos o atrapados dentro de un sue\u00f1o que se volvi\u00f3 pesadilla. En su d\u00eda los edificios fueron bautizados con nombres de ciudades europeas (Meissen, Rosenthal, Limoges, Capodimonte, S\u00e8vres, Royal Copenhaguen y Lladr\u00f3). Hoy, estos nombres s\u00f3lo a\u00f1aden una sensaci\u00f3n de desorientaci\u00f3n geogr\u00e1fica en la ciudad.<em><br \/>\n<\/em><\/p>\n<\/div>\n<p><\/p>","protected":false},"excerpt":{"rendered":"<p><strong>Alexander Ap\u00f3stol<\/strong> <small>(Venezuela, 1969)<\/small><br \/>\n<em>Limoge, Meissen, Rosenthal, Capodimonte, S\u00e8vres, Royal Copenhaguen y Lladr\u00f3<\/em><br \/>\n2001<br \/>\n7 fotograf\u00edas digitales<br \/>\n200 x 150 cm (cada una)<\/p>\n<p><small>(Cortes\u00eda del artista)<\/small><\/p>\n","protected":false},"author":2,"featured_media":1226,"parent":5773,"menu_order":1004,"comment_status":"open","ping_status":"open","template":"image.php","meta":{"footnotes":""},"class_list":["post-2237","page","type-page","status-publish","has-post-thumbnail","hentry"],"_links":{"self":[{"href":"https:\/\/li-mac.org\/es\/wp-json\/wp\/v2\/pages\/2237","targetHints":{"allow":["GET"]}}],"collection":[{"href":"https:\/\/li-mac.org\/es\/wp-json\/wp\/v2\/pages"}],"about":[{"href":"https:\/\/li-mac.org\/es\/wp-json\/wp\/v2\/types\/page"}],"author":[{"embeddable":true,"href":"https:\/\/li-mac.org\/es\/wp-json\/wp\/v2\/users\/2"}],"replies":[{"embeddable":true,"href":"https:\/\/li-mac.org\/es\/wp-json\/wp\/v2\/comments?post=2237"}],"version-history":[{"count":21,"href":"https:\/\/li-mac.org\/es\/wp-json\/wp\/v2\/pages\/2237\/revisions"}],"predecessor-version":[{"id":20136,"href":"https:\/\/li-mac.org\/es\/wp-json\/wp\/v2\/pages\/2237\/revisions\/20136"}],"up":[{"embeddable":true,"href":"https:\/\/li-mac.org\/es\/wp-json\/wp\/v2\/pages\/5773"}],"wp:featuredmedia":[{"embeddable":true,"href":"https:\/\/li-mac.org\/es\/wp-json\/wp\/v2\/media\/1226"}],"wp:attachment":[{"href":"https:\/\/li-mac.org\/es\/wp-json\/wp\/v2\/media?parent=2237"}],"curies":[{"name":"wp","href":"https:\/\/api.w.org\/{rel}","templated":true}]}}