{"id":228,"date":"2011-04-24T13:55:34","date_gmt":"2011-04-24T13:55:34","guid":{"rendered":"http:\/\/li-mac.org\/wp\/?page_id=228"},"modified":"2014-10-10T18:35:39","modified_gmt":"2014-10-10T18:35:39","slug":"limac-collection","status":"publish","type":"page","link":"https:\/\/li-mac.org\/es\/collection\/limac-collection\/","title":{"rendered":"Cortes\u00eda del artista"},"content":{"rendered":"<p>La <em>Colecci\u00f3n cortes\u00eda del artista<\/em> tiene como objetivo principal de facilitar el acceso a las obras de los artistas presentados y propiciar puntos de conexi\u00f3n entre ellas. Esta plataforma incluye herramientas de uso en l\u00ednea como etiquetas tem\u00e1ticas, textos espec\u00edficos y registros fotogr\u00e1ficos con la posibilidad de ampliarlos. <div class=\"hide-this es\"><\/p>\n<p>La web del LiMAC est\u00e1 estructurada de tal manera que cada obra \/ documento registrada tenga su propia p\u00e1gina con el fin de\u00a0 permitir una visualizaci\u00f3n independiente.<\/p>\n<p>El proyecto quiere favorecer la circulaci\u00f3n de la informaci\u00f3n que generan las obras e involucrar a los observadores para que puedan publicarlar comentarios sobre ellas mismas. La selecci\u00f3n de obras re\u00fane trabajos claves de cada artista y est\u00e1 presentada cronol\u00f3gicamente, desde el inicio de su pr\u00e1ctica hasta piezas mas recientes, preocup\u00e1ndonos por mantener actualizada esta selecci\u00f3n.<\/p>\n<p>Esta plataforma tuvo como punto de partida a artistas peruanos, para despu\u00e9s ampliarse a los pa\u00edses de la regi\u00f3n, Europa y el resto del mundo. De tal manera, la colecci\u00f3n re\u00fane a artistas de diferentes generaciones y culturas con el\u00a0 fin de contrastar esta multitud de practicas.<\/p>\n<p>El LiMAC no posee ninguna de la obras aqu\u00ed seleccionadas, solo sirve de mediador entre los artistas y los visitantes. La plataforma es un proyecto a largo plazo que va ampliando su base de datos regularmente. <\/div><\/p>","protected":false},"excerpt":{"rendered":"<p>Esta selecci\u00f3n incluye artistas del Per\u00fa, as\u00ed como de pa\u00edses de Am\u00e9rica Latina y alrededores. Tiene como objetivo la promoci\u00f3n de las obras en la web.<\/p>\n","protected":false},"author":1,"featured_media":0,"parent":34,"menu_order":943,"comment_status":"closed","ping_status":"closed","template":"page-list.php","meta":{"footnotes":""},"class_list":["post-228","page","type-page","status-publish","hentry"],"_links":{"self":[{"href":"https:\/\/li-mac.org\/es\/wp-json\/wp\/v2\/pages\/228","targetHints":{"allow":["GET"]}}],"collection":[{"href":"https:\/\/li-mac.org\/es\/wp-json\/wp\/v2\/pages"}],"about":[{"href":"https:\/\/li-mac.org\/es\/wp-json\/wp\/v2\/types\/page"}],"author":[{"embeddable":true,"href":"https:\/\/li-mac.org\/es\/wp-json\/wp\/v2\/users\/1"}],"replies":[{"embeddable":true,"href":"https:\/\/li-mac.org\/es\/wp-json\/wp\/v2\/comments?post=228"}],"version-history":[{"count":47,"href":"https:\/\/li-mac.org\/es\/wp-json\/wp\/v2\/pages\/228\/revisions"}],"predecessor-version":[{"id":498,"href":"https:\/\/li-mac.org\/es\/wp-json\/wp\/v2\/pages\/228\/revisions\/498"}],"up":[{"embeddable":true,"href":"https:\/\/li-mac.org\/es\/wp-json\/wp\/v2\/pages\/34"}],"wp:attachment":[{"href":"https:\/\/li-mac.org\/es\/wp-json\/wp\/v2\/media?parent=228"}],"curies":[{"name":"wp","href":"https:\/\/api.w.org\/{rel}","templated":true}]}}