{"id":2306,"date":"2011-09-06T16:54:02","date_gmt":"2011-09-06T16:54:02","guid":{"rendered":"http:\/\/li-mac.org\/wp\/"},"modified":"2014-01-15T12:32:48","modified_gmt":"2014-01-15T12:32:48","slug":"stadt-ii","status":"publish","type":"page","link":"https:\/\/li-mac.org\/es\/exhibitions\/permanent-exhibition\/phantom-limbs\/i-inhabited-plans\/stadt-ii\/","title":{"rendered":"Stadt 10\/06\/A (Berlin)"},"content":{"rendered":"","protected":false},"excerpt":{"rendered":"<p><strong>Frank Thiel<\/strong>  <small>(Alemania, 1966)<\/small><br \/>\n2001<br \/>\nImpresi\u00f3n cromog\u00e9nica montada sobre plexigl\u00e1s<br \/>\n175 x 250 cm<\/p>\n<p><small>(Cortes\u00eda Galeria Leme, S\u00e3o Paulo; Sean Kelly Gallery, New York; Galeria Helga de Alvear, Madrid; Galerie Krizinger, Vienna)<\/small><\/p>\n","protected":false},"author":2,"featured_media":1249,"parent":1130,"menu_order":1029,"comment_status":"open","ping_status":"open","template":"image.php","meta":{"footnotes":""},"class_list":["post-2306","page","type-page","status-publish","has-post-thumbnail","hentry"],"_links":{"self":[{"href":"https:\/\/li-mac.org\/es\/wp-json\/wp\/v2\/pages\/2306","targetHints":{"allow":["GET"]}}],"collection":[{"href":"https:\/\/li-mac.org\/es\/wp-json\/wp\/v2\/pages"}],"about":[{"href":"https:\/\/li-mac.org\/es\/wp-json\/wp\/v2\/types\/page"}],"author":[{"embeddable":true,"href":"https:\/\/li-mac.org\/es\/wp-json\/wp\/v2\/users\/2"}],"replies":[{"embeddable":true,"href":"https:\/\/li-mac.org\/es\/wp-json\/wp\/v2\/comments?post=2306"}],"version-history":[{"count":15,"href":"https:\/\/li-mac.org\/es\/wp-json\/wp\/v2\/pages\/2306\/revisions"}],"predecessor-version":[{"id":20119,"href":"https:\/\/li-mac.org\/es\/wp-json\/wp\/v2\/pages\/2306\/revisions\/20119"}],"up":[{"embeddable":true,"href":"https:\/\/li-mac.org\/es\/wp-json\/wp\/v2\/pages\/1130"}],"wp:featuredmedia":[{"embeddable":true,"href":"https:\/\/li-mac.org\/es\/wp-json\/wp\/v2\/media\/1249"}],"wp:attachment":[{"href":"https:\/\/li-mac.org\/es\/wp-json\/wp\/v2\/media?parent=2306"}],"curies":[{"name":"wp","href":"https:\/\/api.w.org\/{rel}","templated":true}]}}