{"id":2316,"date":"2011-09-06T17:52:08","date_gmt":"2011-09-06T17:52:08","guid":{"rendered":"http:\/\/li-mac.org\/wp\/"},"modified":"2012-11-21T11:41:16","modified_gmt":"2012-11-21T11:41:16","slug":"stadt-907-berlin","status":"publish","type":"page","link":"https:\/\/li-mac.org\/es\/exhibitions\/permanent-exhibition\/phantom-limbs\/i-inhabited-plans\/stadt-907-berlin\/","title":{"rendered":"Stadt 9\/07 (Berlin)"},"content":{"rendered":"<p>Con el fin de elegir la mejor fachada para los edificios de Berl\u00edn se construyen fragmentos a escala real de \u00e9stas mismas. Para los transe\u00fantes, estas muestras crean fricciones con la realidad, las ventanas est\u00e1n, pero sin conducir a un interior. En medio de la nada la fachada parece ser un panel de publicidad o una escultura p\u00fablica minimalista.<\/p>","protected":false},"excerpt":{"rendered":"<p><strong>Frank Thiel<\/strong> <small>(Alemania, 1966)<\/small><br \/>\n2000<br \/>\nImpresion cromog\u00e9nica montada en plexigl\u00e1s<br \/>\n210 x 165 cm<\/p>\n<p><small>(Courtesy Galeria Leme, S\u00e3o Paulo; Sean Kelly Gallery, New York; Galeria Helga de Alvear, Madrid; Galerie Krizinger, Vienna)<\/small><\/p>\n","protected":false},"author":2,"featured_media":1250,"parent":1130,"menu_order":1113,"comment_status":"open","ping_status":"open","template":"image.php","meta":{"footnotes":""},"class_list":["post-2316","page","type-page","status-publish","has-post-thumbnail","hentry"],"_links":{"self":[{"href":"https:\/\/li-mac.org\/es\/wp-json\/wp\/v2\/pages\/2316","targetHints":{"allow":["GET"]}}],"collection":[{"href":"https:\/\/li-mac.org\/es\/wp-json\/wp\/v2\/pages"}],"about":[{"href":"https:\/\/li-mac.org\/es\/wp-json\/wp\/v2\/types\/page"}],"author":[{"embeddable":true,"href":"https:\/\/li-mac.org\/es\/wp-json\/wp\/v2\/users\/2"}],"replies":[{"embeddable":true,"href":"https:\/\/li-mac.org\/es\/wp-json\/wp\/v2\/comments?post=2316"}],"version-history":[{"count":17,"href":"https:\/\/li-mac.org\/es\/wp-json\/wp\/v2\/pages\/2316\/revisions"}],"predecessor-version":[{"id":15374,"href":"https:\/\/li-mac.org\/es\/wp-json\/wp\/v2\/pages\/2316\/revisions\/15374"}],"up":[{"embeddable":true,"href":"https:\/\/li-mac.org\/es\/wp-json\/wp\/v2\/pages\/1130"}],"wp:featuredmedia":[{"embeddable":true,"href":"https:\/\/li-mac.org\/es\/wp-json\/wp\/v2\/media\/1250"}],"wp:attachment":[{"href":"https:\/\/li-mac.org\/es\/wp-json\/wp\/v2\/media?parent=2316"}],"curies":[{"name":"wp","href":"https:\/\/api.w.org\/{rel}","templated":true}]}}