{"id":2530,"date":"2011-09-11T19:02:47","date_gmt":"2011-09-11T19:02:47","guid":{"rendered":"http:\/\/li-mac.org\/wp\/"},"modified":"2012-11-21T13:09:36","modified_gmt":"2012-11-21T13:09:36","slug":"caserma-ca-pasquali-n5","status":"publish","type":"page","link":"https:\/\/li-mac.org\/es\/exhibitions\/permanent-exhibition\/phantom-limbs\/isolated-areas\/caserma-ca-pasquali-n5\/","title":{"rendered":"Caserma ca Pasquali V"},"content":{"rendered":"<p>Dentro de una torre de defensa en la ciudad m\u00e1s fotografiada del mundo, Venecia, la\u00a0 mirilla de vigilancia permite ver solo un m\u00ednimo y preciso paisaje. Interior y exterior entran en una relaci\u00f3n tensa donde el observador protege su entorno. Esta fotograf\u00eda es parte de una serie de trabajos publicados en el libro\u00a0 La Difesa di Venecia (La Defensa de Venecia).<\/p>","protected":false},"excerpt":{"rendered":"<p><strong>Primoz Bizjak<\/strong> <small>(Eslovenia, 1976) <\/small><br \/>\n<em>La defensa de Venezia<\/em><br \/>\n2009<br \/>\nImpresi\u00f3n Lambda<\/p>\n<p><small>(Cortes\u00eda del artista)<\/small><\/p>\n","protected":false},"author":2,"featured_media":2526,"parent":5773,"menu_order":923,"comment_status":"open","ping_status":"open","template":"image.php","meta":{"footnotes":""},"class_list":["post-2530","page","type-page","status-publish","has-post-thumbnail","hentry"],"_links":{"self":[{"href":"https:\/\/li-mac.org\/es\/wp-json\/wp\/v2\/pages\/2530","targetHints":{"allow":["GET"]}}],"collection":[{"href":"https:\/\/li-mac.org\/es\/wp-json\/wp\/v2\/pages"}],"about":[{"href":"https:\/\/li-mac.org\/es\/wp-json\/wp\/v2\/types\/page"}],"author":[{"embeddable":true,"href":"https:\/\/li-mac.org\/es\/wp-json\/wp\/v2\/users\/2"}],"replies":[{"embeddable":true,"href":"https:\/\/li-mac.org\/es\/wp-json\/wp\/v2\/comments?post=2530"}],"version-history":[{"count":17,"href":"https:\/\/li-mac.org\/es\/wp-json\/wp\/v2\/pages\/2530\/revisions"}],"predecessor-version":[{"id":15405,"href":"https:\/\/li-mac.org\/es\/wp-json\/wp\/v2\/pages\/2530\/revisions\/15405"}],"up":[{"embeddable":true,"href":"https:\/\/li-mac.org\/es\/wp-json\/wp\/v2\/pages\/5773"}],"wp:featuredmedia":[{"embeddable":true,"href":"https:\/\/li-mac.org\/es\/wp-json\/wp\/v2\/media\/2526"}],"wp:attachment":[{"href":"https:\/\/li-mac.org\/es\/wp-json\/wp\/v2\/media?parent=2530"}],"curies":[{"name":"wp","href":"https:\/\/api.w.org\/{rel}","templated":true}]}}