{"id":2542,"date":"2011-09-12T09:57:50","date_gmt":"2011-09-12T09:57:50","guid":{"rendered":"http:\/\/li-mac.org\/wp\/"},"modified":"2012-11-21T17:33:50","modified_gmt":"2012-11-21T17:33:50","slug":"cultural-centre-gavrilo-princip-iv","status":"publish","type":"page","link":"https:\/\/li-mac.org\/es\/exhibitions\/permanent-exhibition\/phantom-limbs\/open-voids\/cultural-centre-gavrilo-princip-iv\/","title":{"rendered":"Cultural centre Gavrilo Princip IV"},"content":{"rendered":"<p>M\u00e1s de diez a\u00f1os despu\u00e9s de la guerra en Bosnia, un centro cultural sigue de pie y vaci\u00f3. La sala de eventos, oscurecida por el humo, convive con la nieve que cae desde el techo sobre las butacas ausentes.<\/p>","protected":false},"excerpt":{"rendered":"<p><strong>Primoz Bizjak<\/strong>  <small>(Eslovenia, 1976)<\/small><br \/>\n<em>Bosansko Grahovo, Bosnia<\/em><br \/>\n2006<br \/>\nImpres\u00f3n lambda<\/p>\n<p><small>(Cortes\u00eda del artista)<\/small><\/p>\n","protected":false},"author":2,"featured_media":2528,"parent":5794,"menu_order":669,"comment_status":"open","ping_status":"open","template":"image.php","meta":{"footnotes":""},"class_list":["post-2542","page","type-page","status-publish","has-post-thumbnail","hentry"],"_links":{"self":[{"href":"https:\/\/li-mac.org\/es\/wp-json\/wp\/v2\/pages\/2542","targetHints":{"allow":["GET"]}}],"collection":[{"href":"https:\/\/li-mac.org\/es\/wp-json\/wp\/v2\/pages"}],"about":[{"href":"https:\/\/li-mac.org\/es\/wp-json\/wp\/v2\/types\/page"}],"author":[{"embeddable":true,"href":"https:\/\/li-mac.org\/es\/wp-json\/wp\/v2\/users\/2"}],"replies":[{"embeddable":true,"href":"https:\/\/li-mac.org\/es\/wp-json\/wp\/v2\/comments?post=2542"}],"version-history":[{"count":13,"href":"https:\/\/li-mac.org\/es\/wp-json\/wp\/v2\/pages\/2542\/revisions"}],"predecessor-version":[{"id":15492,"href":"https:\/\/li-mac.org\/es\/wp-json\/wp\/v2\/pages\/2542\/revisions\/15492"}],"up":[{"embeddable":true,"href":"https:\/\/li-mac.org\/es\/wp-json\/wp\/v2\/pages\/5794"}],"wp:featuredmedia":[{"embeddable":true,"href":"https:\/\/li-mac.org\/es\/wp-json\/wp\/v2\/media\/2528"}],"wp:attachment":[{"href":"https:\/\/li-mac.org\/es\/wp-json\/wp\/v2\/media?parent=2542"}],"curies":[{"name":"wp","href":"https:\/\/api.w.org\/{rel}","templated":true}]}}