{"id":2545,"date":"2011-09-12T10:05:55","date_gmt":"2011-09-12T10:05:55","guid":{"rendered":"http:\/\/li-mac.org\/wp\/"},"modified":"2014-01-29T13:39:38","modified_gmt":"2014-01-29T13:39:38","slug":"cultural-centre-gavrilo-princip-i","status":"publish","type":"page","link":"https:\/\/li-mac.org\/es\/exhibitions\/permanent-exhibition\/phantom-limbs\/open-voids\/cultural-centre-gavrilo-princip-i\/","title":{"rendered":"Cultural centre Gavrilo Princip I"},"content":{"rendered":"<p>M\u00e1s de diez a\u00f1os despu\u00e9s de la guerra en Bosnia, un centro cultural sigue de pie y vaci\u00f3. La sala de eventos, oscurecida por el humo, convive con la nieve que cae desde el techo sobre las butacas ausentes.<\/p>","protected":false},"excerpt":{"rendered":"<p><strong>Primoz Bizjak<\/strong>  <small>(Slovenia, 1976)<\/small><br \/>\n<em>Bosansko Grahovo, Bosnia<\/em><br \/>\n2006<br \/>\nImpresi\u00f3n lambda<br \/>\n157 x 250 cm<\/p>\n<p><small>(Cortes\u00eda del artista)<\/small><\/p>\n","protected":false},"author":2,"featured_media":2527,"parent":5794,"menu_order":665,"comment_status":"open","ping_status":"open","template":"image.php","meta":{"footnotes":""},"class_list":["post-2545","page","type-page","status-publish","has-post-thumbnail","hentry"],"_links":{"self":[{"href":"https:\/\/li-mac.org\/es\/wp-json\/wp\/v2\/pages\/2545","targetHints":{"allow":["GET"]}}],"collection":[{"href":"https:\/\/li-mac.org\/es\/wp-json\/wp\/v2\/pages"}],"about":[{"href":"https:\/\/li-mac.org\/es\/wp-json\/wp\/v2\/types\/page"}],"author":[{"embeddable":true,"href":"https:\/\/li-mac.org\/es\/wp-json\/wp\/v2\/users\/2"}],"replies":[{"embeddable":true,"href":"https:\/\/li-mac.org\/es\/wp-json\/wp\/v2\/comments?post=2545"}],"version-history":[{"count":15,"href":"https:\/\/li-mac.org\/es\/wp-json\/wp\/v2\/pages\/2545\/revisions"}],"predecessor-version":[{"id":20174,"href":"https:\/\/li-mac.org\/es\/wp-json\/wp\/v2\/pages\/2545\/revisions\/20174"}],"up":[{"embeddable":true,"href":"https:\/\/li-mac.org\/es\/wp-json\/wp\/v2\/pages\/5794"}],"wp:featuredmedia":[{"embeddable":true,"href":"https:\/\/li-mac.org\/es\/wp-json\/wp\/v2\/media\/2527"}],"wp:attachment":[{"href":"https:\/\/li-mac.org\/es\/wp-json\/wp\/v2\/media?parent=2545"}],"curies":[{"name":"wp","href":"https:\/\/api.w.org\/{rel}","templated":true}]}}