{"id":2572,"date":"2011-09-13T10:30:36","date_gmt":"2011-09-13T10:30:36","guid":{"rendered":"http:\/\/li-mac.org\/wp\/"},"modified":"2012-11-21T12:32:17","modified_gmt":"2012-11-21T12:32:17","slug":"19-amparo-street","status":"publish","type":"page","link":"https:\/\/li-mac.org\/es\/exhibitions\/permanent-exhibition\/phantom-limbs\/i-inhabited-plans\/19-amparo-street\/","title":{"rendered":"Calle Amparo 19"},"content":{"rendered":"<p>La fachada de un edificio hist\u00f3rico est\u00e1 protegida y restaurada para que la ciudad mantenga su apariencia pasada. Mientras, su interior ser\u00e1 reconstruido desde cero. Despojado de su contenido, la rejilla de rect\u00e1ngulos esta iluminada por la calle como si estuviese habitada por el vac\u00edo. La luz traspasa cada planta con el techo del color del anochecer o del amanecer.<\/p>","protected":false},"excerpt":{"rendered":"<p><strong>Primoz Bizjak<\/strong>  <small>(Eslovenia, 1976)<\/small><br \/>\n<em>Interiores madrilen\u0303os<\/em><br \/>\n2007<br \/>\nImpresi\u00f3n lambda<br \/>\n127 x 156 cm<\/p>\n<p><small>(Cortes\u00eda del artista)<\/small><\/p>\n","protected":false},"author":2,"featured_media":2524,"parent":1130,"menu_order":1182,"comment_status":"open","ping_status":"open","template":"image.php","meta":{"footnotes":""},"class_list":["post-2572","page","type-page","status-publish","has-post-thumbnail","hentry"],"_links":{"self":[{"href":"https:\/\/li-mac.org\/es\/wp-json\/wp\/v2\/pages\/2572","targetHints":{"allow":["GET"]}}],"collection":[{"href":"https:\/\/li-mac.org\/es\/wp-json\/wp\/v2\/pages"}],"about":[{"href":"https:\/\/li-mac.org\/es\/wp-json\/wp\/v2\/types\/page"}],"author":[{"embeddable":true,"href":"https:\/\/li-mac.org\/es\/wp-json\/wp\/v2\/users\/2"}],"replies":[{"embeddable":true,"href":"https:\/\/li-mac.org\/es\/wp-json\/wp\/v2\/comments?post=2572"}],"version-history":[{"count":15,"href":"https:\/\/li-mac.org\/es\/wp-json\/wp\/v2\/pages\/2572\/revisions"}],"predecessor-version":[{"id":15390,"href":"https:\/\/li-mac.org\/es\/wp-json\/wp\/v2\/pages\/2572\/revisions\/15390"}],"up":[{"embeddable":true,"href":"https:\/\/li-mac.org\/es\/wp-json\/wp\/v2\/pages\/1130"}],"wp:featuredmedia":[{"embeddable":true,"href":"https:\/\/li-mac.org\/es\/wp-json\/wp\/v2\/media\/2524"}],"wp:attachment":[{"href":"https:\/\/li-mac.org\/es\/wp-json\/wp\/v2\/media?parent=2572"}],"curies":[{"name":"wp","href":"https:\/\/api.w.org\/{rel}","templated":true}]}}