{"id":280,"date":"2011-04-28T20:24:55","date_gmt":"2011-04-28T20:24:55","guid":{"rendered":"http:\/\/li-mac.org\/wp\/"},"modified":"2012-10-19T16:21:00","modified_gmt":"2012-10-19T16:21:00","slug":"elo-khan-donation","status":"publish","type":"page","link":"https:\/\/li-mac.org\/es\/collection\/elo-khan-donation\/","title":{"rendered":"Donaci\u00f3n Elo Khan"},"content":{"rendered":"<p><span style=\"font-size: small;\">La familia Elo Khan don\u00f3 esta colecci\u00f3n al LiMAC bajo la responsabilidad del estudio de estas obras y pr\u00e9stamo para su exhibici\u00f3n.<\/span><\/p>","protected":false},"excerpt":{"rendered":"<p>La familia Elo Khan don\u00f3 esta colecci\u00f3n al LiMAC bajo la responsabilidad del estudio de estas obras y pr\u00e9stamo para su exhibici\u00f3n.<\/p>\n","protected":false},"author":1,"featured_media":0,"parent":34,"menu_order":975,"comment_status":"closed","ping_status":"closed","template":"page-tabs.php","meta":{"footnotes":""},"class_list":["post-280","page","type-page","status-publish","hentry"],"_links":{"self":[{"href":"https:\/\/li-mac.org\/es\/wp-json\/wp\/v2\/pages\/280","targetHints":{"allow":["GET"]}}],"collection":[{"href":"https:\/\/li-mac.org\/es\/wp-json\/wp\/v2\/pages"}],"about":[{"href":"https:\/\/li-mac.org\/es\/wp-json\/wp\/v2\/types\/page"}],"author":[{"embeddable":true,"href":"https:\/\/li-mac.org\/es\/wp-json\/wp\/v2\/users\/1"}],"replies":[{"embeddable":true,"href":"https:\/\/li-mac.org\/es\/wp-json\/wp\/v2\/comments?post=280"}],"version-history":[{"count":33,"href":"https:\/\/li-mac.org\/es\/wp-json\/wp\/v2\/pages\/280\/revisions"}],"predecessor-version":[{"id":14993,"href":"https:\/\/li-mac.org\/es\/wp-json\/wp\/v2\/pages\/280\/revisions\/14993"}],"up":[{"embeddable":true,"href":"https:\/\/li-mac.org\/es\/wp-json\/wp\/v2\/pages\/34"}],"wp:attachment":[{"href":"https:\/\/li-mac.org\/es\/wp-json\/wp\/v2\/media?parent=280"}],"curies":[{"name":"wp","href":"https:\/\/api.w.org\/{rel}","templated":true}]}}