{"id":286,"date":"2011-04-28T20:29:11","date_gmt":"2011-04-28T20:29:11","guid":{"rendered":"http:\/\/li-mac.org\/wp\/?page_id=286"},"modified":"2013-10-17T12:22:24","modified_gmt":"2013-10-17T12:22:24","slug":"pre-columbian-and-colonial","status":"publish","type":"page","link":"https:\/\/li-mac.org\/es\/collection\/pre-columbian-and-colonial\/","title":{"rendered":"Precolombina"},"content":{"rendered":"<p>La colecci\u00f3n precolombina incluye una amplia selecci\u00f3n de objetos encontrados en Machu Picchu, as\u00ed como tejidos de culturas prehisp\u00e1nicas peruanas.<\/p>","protected":false},"excerpt":{"rendered":"<p>La colecci\u00f3n precolombina incluye una amplia selecci\u00f3n de objetos encontrados en Machu Picchu, as\u00ed como tejidos de culturas prehisp\u00e1nicas peruanas.<\/p>\n","protected":false},"author":1,"featured_media":0,"parent":34,"menu_order":1061,"comment_status":"closed","ping_status":"closed","template":"page-tabs.php","meta":{"footnotes":""},"class_list":["post-286","page","type-page","status-publish","hentry"],"_links":{"self":[{"href":"https:\/\/li-mac.org\/es\/wp-json\/wp\/v2\/pages\/286","targetHints":{"allow":["GET"]}}],"collection":[{"href":"https:\/\/li-mac.org\/es\/wp-json\/wp\/v2\/pages"}],"about":[{"href":"https:\/\/li-mac.org\/es\/wp-json\/wp\/v2\/types\/page"}],"author":[{"embeddable":true,"href":"https:\/\/li-mac.org\/es\/wp-json\/wp\/v2\/users\/1"}],"replies":[{"embeddable":true,"href":"https:\/\/li-mac.org\/es\/wp-json\/wp\/v2\/comments?post=286"}],"version-history":[{"count":15,"href":"https:\/\/li-mac.org\/es\/wp-json\/wp\/v2\/pages\/286\/revisions"}],"predecessor-version":[{"id":13518,"href":"https:\/\/li-mac.org\/es\/wp-json\/wp\/v2\/pages\/286\/revisions\/13518"}],"up":[{"embeddable":true,"href":"https:\/\/li-mac.org\/es\/wp-json\/wp\/v2\/pages\/34"}],"wp:attachment":[{"href":"https:\/\/li-mac.org\/es\/wp-json\/wp\/v2\/media?parent=286"}],"curies":[{"name":"wp","href":"https:\/\/api.w.org\/{rel}","templated":true}]}}