{"id":3022,"date":"2011-09-16T10:05:26","date_gmt":"2011-09-16T10:05:26","guid":{"rendered":"http:\/\/li-mac.org\/wp\/"},"modified":"2014-01-05T00:14:52","modified_gmt":"2014-01-05T00:14:52","slug":"old-world","status":"publish","type":"page","link":"https:\/\/li-mac.org\/es\/collection\/elo-khan-donation\/works-2\/old-world\/","title":{"rendered":"Viejo mundo"},"content":{"rendered":"","protected":false},"excerpt":{"rendered":"<p><strong>Jorge Macchi<\/strong> <small>(Argentina, 1963)<\/small><br \/>\n2007<br \/>\nLitograf\u00eda<br \/>\n75 x 55 cm<br \/>\nEdici\u00f3n 3 de 50<\/p>\n<p><small><a href=\"http:\/\/www.poligrafa.net\/\" rel=\"external\">(Cortes\u00eda Pol\u00edgrafa Obra Gr\u00e1fica, Barcelona)<\/a> (Foto: Oak Taylor-Smith)<\/small><\/p>\n","protected":false},"author":2,"featured_media":3021,"parent":9906,"menu_order":304,"comment_status":"open","ping_status":"open","template":"image.php","meta":{"footnotes":""},"class_list":["post-3022","page","type-page","status-publish","has-post-thumbnail","hentry"],"_links":{"self":[{"href":"https:\/\/li-mac.org\/es\/wp-json\/wp\/v2\/pages\/3022","targetHints":{"allow":["GET"]}}],"collection":[{"href":"https:\/\/li-mac.org\/es\/wp-json\/wp\/v2\/pages"}],"about":[{"href":"https:\/\/li-mac.org\/es\/wp-json\/wp\/v2\/types\/page"}],"author":[{"embeddable":true,"href":"https:\/\/li-mac.org\/es\/wp-json\/wp\/v2\/users\/2"}],"replies":[{"embeddable":true,"href":"https:\/\/li-mac.org\/es\/wp-json\/wp\/v2\/comments?post=3022"}],"version-history":[{"count":11,"href":"https:\/\/li-mac.org\/es\/wp-json\/wp\/v2\/pages\/3022\/revisions"}],"predecessor-version":[{"id":19729,"href":"https:\/\/li-mac.org\/es\/wp-json\/wp\/v2\/pages\/3022\/revisions\/19729"}],"up":[{"embeddable":true,"href":"https:\/\/li-mac.org\/es\/wp-json\/wp\/v2\/pages\/9906"}],"wp:featuredmedia":[{"embeddable":true,"href":"https:\/\/li-mac.org\/es\/wp-json\/wp\/v2\/media\/3021"}],"wp:attachment":[{"href":"https:\/\/li-mac.org\/es\/wp-json\/wp\/v2\/media?parent=3022"}],"curies":[{"name":"wp","href":"https:\/\/api.w.org\/{rel}","templated":true}]}}