{"id":3044,"date":"2011-09-16T10:52:28","date_gmt":"2011-09-16T10:52:28","guid":{"rendered":"http:\/\/li-mac.org\/wp\/"},"modified":"2013-12-12T20:16:31","modified_gmt":"2013-12-12T20:16:31","slug":"last-edition","status":"publish","type":"page","link":"https:\/\/li-mac.org\/es\/projects\/rests-in-press\/2009-3\/last-edition\/","title":{"rendered":"\u00daltima edici\u00f3n"},"content":{"rendered":"","protected":false},"excerpt":{"rendered":"<p><strong> Michel Fran\u00e7ois<\/strong> <small>(B\u00e9lgica, 1956)<\/small><br \/>\n2009<br \/>\nvela, peri\u00f3dico<\/p>\n<p><small> (Cortes\u00eda del artista) <\/small><\/p>\n","protected":false},"author":2,"featured_media":3036,"parent":9133,"menu_order":408,"comment_status":"open","ping_status":"open","template":"image.php","meta":{"footnotes":""},"class_list":["post-3044","page","type-page","status-publish","has-post-thumbnail","hentry"],"_links":{"self":[{"href":"https:\/\/li-mac.org\/es\/wp-json\/wp\/v2\/pages\/3044","targetHints":{"allow":["GET"]}}],"collection":[{"href":"https:\/\/li-mac.org\/es\/wp-json\/wp\/v2\/pages"}],"about":[{"href":"https:\/\/li-mac.org\/es\/wp-json\/wp\/v2\/types\/page"}],"author":[{"embeddable":true,"href":"https:\/\/li-mac.org\/es\/wp-json\/wp\/v2\/users\/2"}],"replies":[{"embeddable":true,"href":"https:\/\/li-mac.org\/es\/wp-json\/wp\/v2\/comments?post=3044"}],"version-history":[{"count":11,"href":"https:\/\/li-mac.org\/es\/wp-json\/wp\/v2\/pages\/3044\/revisions"}],"predecessor-version":[{"id":18725,"href":"https:\/\/li-mac.org\/es\/wp-json\/wp\/v2\/pages\/3044\/revisions\/18725"}],"up":[{"embeddable":true,"href":"https:\/\/li-mac.org\/es\/wp-json\/wp\/v2\/pages\/9133"}],"wp:featuredmedia":[{"embeddable":true,"href":"https:\/\/li-mac.org\/es\/wp-json\/wp\/v2\/media\/3036"}],"wp:attachment":[{"href":"https:\/\/li-mac.org\/es\/wp-json\/wp\/v2\/media?parent=3044"}],"curies":[{"name":"wp","href":"https:\/\/api.w.org\/{rel}","templated":true}]}}