{"id":306,"date":"2011-04-28T20:36:10","date_gmt":"2011-04-28T20:36:10","guid":{"rendered":"http:\/\/li-mac.org\/wp\/?page_id=306"},"modified":"2012-10-29T21:42:22","modified_gmt":"2012-10-29T21:42:22","slug":"occupied-walls","status":"publish","type":"page","link":"https:\/\/li-mac.org\/es\/projects\/occupied-walls\/","title":{"rendered":"Paredes okupas"},"content":{"rendered":"<p>El archivo <em>Paredes Okupas<\/em> recompila una serie de im\u00e1genes de casas okupas en diversos lugares del mundo. El radicalismo de sus murales y expresi\u00f3n urbana son car\u00e1cteristicas unicas en las ciudades de hoy. Para expandir el archivo, el LiMAC esta abierto en recibir nuevas propuestas.<\/p>","protected":false},"excerpt":{"rendered":"<p>El archivo Paredes Okupas recompila una serie de im\u00e1genes de casas okupas en diversos lugares del mundo. El radicalismo de sus murales y expresi\u00f3n urbana son car\u00e1cteristicas unicas en las ciudades de hoy. Para expandir el archivo, el LiMAC esta abierto en recibir nuevas propuestas.<\/p>\n","protected":false},"author":1,"featured_media":0,"parent":6,"menu_order":1000,"comment_status":"open","ping_status":"open","template":"gallery.php","meta":{"footnotes":""},"class_list":["post-306","page","type-page","status-publish","hentry"],"_links":{"self":[{"href":"https:\/\/li-mac.org\/es\/wp-json\/wp\/v2\/pages\/306","targetHints":{"allow":["GET"]}}],"collection":[{"href":"https:\/\/li-mac.org\/es\/wp-json\/wp\/v2\/pages"}],"about":[{"href":"https:\/\/li-mac.org\/es\/wp-json\/wp\/v2\/types\/page"}],"author":[{"embeddable":true,"href":"https:\/\/li-mac.org\/es\/wp-json\/wp\/v2\/users\/1"}],"replies":[{"embeddable":true,"href":"https:\/\/li-mac.org\/es\/wp-json\/wp\/v2\/comments?post=306"}],"version-history":[{"count":22,"href":"https:\/\/li-mac.org\/es\/wp-json\/wp\/v2\/pages\/306\/revisions"}],"predecessor-version":[{"id":15268,"href":"https:\/\/li-mac.org\/es\/wp-json\/wp\/v2\/pages\/306\/revisions\/15268"}],"up":[{"embeddable":true,"href":"https:\/\/li-mac.org\/es\/wp-json\/wp\/v2\/pages\/6"}],"wp:attachment":[{"href":"https:\/\/li-mac.org\/es\/wp-json\/wp\/v2\/media?parent=306"}],"curies":[{"name":"wp","href":"https:\/\/api.w.org\/{rel}","templated":true}]}}