{"id":3061,"date":"2011-09-16T11:46:03","date_gmt":"2011-09-16T11:46:03","guid":{"rendered":"http:\/\/li-mac.org\/wp\/"},"modified":"2012-01-12T12:42:13","modified_gmt":"2012-01-12T12:42:13","slug":"gratification-immediate-instant-gratification-2","status":"publish","type":"page","link":"https:\/\/li-mac.org\/es\/projects\/rests-in-press\/2007-2\/gratification-immediate-instant-gratification-2\/","title":{"rendered":"Gratification imm\u00e9diate (Gratificaci\u00f3n instant\u00e1nea)"},"content":{"rendered":"","protected":false},"excerpt":{"rendered":"<p><strong>Michel Fran\u00e7ois (B\u00e9lgica, 1956)<\/strong><br \/>\n2007<br \/>\nchips de bronce, Wall Street Journal<br \/>\n <small>(Cortes\u00eda del artista)<\/small><\/p>\n","protected":false},"author":2,"featured_media":3033,"parent":2973,"menu_order":1062,"comment_status":"open","ping_status":"open","template":"image.php","meta":{"footnotes":""},"class_list":["post-3061","page","type-page","status-publish","has-post-thumbnail","hentry"],"_links":{"self":[{"href":"https:\/\/li-mac.org\/es\/wp-json\/wp\/v2\/pages\/3061","targetHints":{"allow":["GET"]}}],"collection":[{"href":"https:\/\/li-mac.org\/es\/wp-json\/wp\/v2\/pages"}],"about":[{"href":"https:\/\/li-mac.org\/es\/wp-json\/wp\/v2\/types\/page"}],"author":[{"embeddable":true,"href":"https:\/\/li-mac.org\/es\/wp-json\/wp\/v2\/users\/2"}],"replies":[{"embeddable":true,"href":"https:\/\/li-mac.org\/es\/wp-json\/wp\/v2\/comments?post=3061"}],"version-history":[{"count":6,"href":"https:\/\/li-mac.org\/es\/wp-json\/wp\/v2\/pages\/3061\/revisions"}],"predecessor-version":[{"id":9180,"href":"https:\/\/li-mac.org\/es\/wp-json\/wp\/v2\/pages\/3061\/revisions\/9180"}],"up":[{"embeddable":true,"href":"https:\/\/li-mac.org\/es\/wp-json\/wp\/v2\/pages\/2973"}],"wp:featuredmedia":[{"embeddable":true,"href":"https:\/\/li-mac.org\/es\/wp-json\/wp\/v2\/media\/3033"}],"wp:attachment":[{"href":"https:\/\/li-mac.org\/es\/wp-json\/wp\/v2\/media?parent=3061"}],"curies":[{"name":"wp","href":"https:\/\/api.w.org\/{rel}","templated":true}]}}