{"id":308,"date":"2011-04-28T20:36:40","date_gmt":"2011-04-28T20:36:40","guid":{"rendered":"http:\/\/li-mac.org\/wp\/?page_id=308"},"modified":"2012-09-11T20:04:22","modified_gmt":"2012-09-11T20:04:22","slug":"active-poster","status":"publish","type":"page","link":"https:\/\/li-mac.org\/es\/projects\/active-poster\/","title":{"rendered":"Afiche activo"},"content":{"rendered":"<p><span style=\"font-size: small;\">Este archivo conserva una serie de carteles del activismo izquierdista y antifascista de eventos diversos. Incluye carteles de finales de los a\u00f1os 70 de federaciones anarquistas hasta manifestaciones contra la globalizaci\u00f3n, exposiciones de arte y conciertos pol\u00edticos. Tiene por objetivo el estudio est\u00e9tico y el contenido del activismo visual. Para ampliar este archivo, LiMAC esta interesado en nuevas propuestas.<\/span><\/p>","protected":false},"excerpt":{"rendered":"<p>Este archivo conserva una serie de carteles del activismo izquierdista y antifascista de eventos diversos. Incluye carteles de finales de los a\u00f1os 70 de federaciones anarquistas hasta manifestaciones contra la globalizaci\u00f3n, exposiciones de arte y conciertos pol\u00edticos. Tiene por objetivo el estudio est\u00e9tico y el contenido del activismo visual. Para ampliar este archivo, LiMAC esta [&hellip;]<\/p>\n","protected":false},"author":1,"featured_media":0,"parent":6,"menu_order":965,"comment_status":"open","ping_status":"open","template":"gallery.php","meta":{"footnotes":""},"class_list":["post-308","page","type-page","status-publish","hentry"],"_links":{"self":[{"href":"https:\/\/li-mac.org\/es\/wp-json\/wp\/v2\/pages\/308","targetHints":{"allow":["GET"]}}],"collection":[{"href":"https:\/\/li-mac.org\/es\/wp-json\/wp\/v2\/pages"}],"about":[{"href":"https:\/\/li-mac.org\/es\/wp-json\/wp\/v2\/types\/page"}],"author":[{"embeddable":true,"href":"https:\/\/li-mac.org\/es\/wp-json\/wp\/v2\/users\/1"}],"replies":[{"embeddable":true,"href":"https:\/\/li-mac.org\/es\/wp-json\/wp\/v2\/comments?post=308"}],"version-history":[{"count":23,"href":"https:\/\/li-mac.org\/es\/wp-json\/wp\/v2\/pages\/308\/revisions"}],"predecessor-version":[{"id":13608,"href":"https:\/\/li-mac.org\/es\/wp-json\/wp\/v2\/pages\/308\/revisions\/13608"}],"up":[{"embeddable":true,"href":"https:\/\/li-mac.org\/es\/wp-json\/wp\/v2\/pages\/6"}],"wp:attachment":[{"href":"https:\/\/li-mac.org\/es\/wp-json\/wp\/v2\/media?parent=308"}],"curies":[{"name":"wp","href":"https:\/\/api.w.org\/{rel}","templated":true}]}}