{"id":3114,"date":"2011-09-16T17:33:59","date_gmt":"2011-09-16T17:33:59","guid":{"rendered":"http:\/\/li-mac.org\/wp\/"},"modified":"2012-07-19T10:41:03","modified_gmt":"2012-07-19T10:41:03","slug":"untitled-area-relocation-series","status":"publish","type":"page","link":"https:\/\/li-mac.org\/es\/projects\/rests-in-press\/1969-1990\/untitled-area-relocation-series\/","title":{"rendered":"Sin t\u00edtulo \/ \u00c1rea de la serie de reubicaci\u00f3n"},"content":{"rendered":"","protected":false},"excerpt":{"rendered":"<p><strong>Adrian Piper<\/strong> <small>(Estados Unidos, 1948) <\/small><br \/>\n1969<br \/>\np\u00e1gina original desacidificado del Village Voice 1969<br \/>\n29,2 x 24,1 cm.<\/p>\n<p><small>Colecci\u00f3n del Archivo de la Fundaci\u00f3n de Investigaci\u00f3n Adrian Piper Berlin<br \/>\n<a href=\"http:\/\/www.adrianpiper.com\/\" rel=\"external\">\u00a9 Fundaci\u00f3n APRA, Berl\u00edn<\/a><\/small><\/p>\n","protected":false},"author":2,"featured_media":3100,"parent":3093,"menu_order":765,"comment_status":"open","ping_status":"open","template":"image.php","meta":{"footnotes":""},"class_list":["post-3114","page","type-page","status-publish","has-post-thumbnail","hentry"],"_links":{"self":[{"href":"https:\/\/li-mac.org\/es\/wp-json\/wp\/v2\/pages\/3114","targetHints":{"allow":["GET"]}}],"collection":[{"href":"https:\/\/li-mac.org\/es\/wp-json\/wp\/v2\/pages"}],"about":[{"href":"https:\/\/li-mac.org\/es\/wp-json\/wp\/v2\/types\/page"}],"author":[{"embeddable":true,"href":"https:\/\/li-mac.org\/es\/wp-json\/wp\/v2\/users\/2"}],"replies":[{"embeddable":true,"href":"https:\/\/li-mac.org\/es\/wp-json\/wp\/v2\/comments?post=3114"}],"version-history":[{"count":8,"href":"https:\/\/li-mac.org\/es\/wp-json\/wp\/v2\/pages\/3114\/revisions"}],"predecessor-version":[{"id":13262,"href":"https:\/\/li-mac.org\/es\/wp-json\/wp\/v2\/pages\/3114\/revisions\/13262"}],"up":[{"embeddable":true,"href":"https:\/\/li-mac.org\/es\/wp-json\/wp\/v2\/pages\/3093"}],"wp:featuredmedia":[{"embeddable":true,"href":"https:\/\/li-mac.org\/es\/wp-json\/wp\/v2\/media\/3100"}],"wp:attachment":[{"href":"https:\/\/li-mac.org\/es\/wp-json\/wp\/v2\/media?parent=3114"}],"curies":[{"name":"wp","href":"https:\/\/api.w.org\/{rel}","templated":true}]}}