{"id":3117,"date":"2011-09-16T17:47:53","date_gmt":"2011-09-16T17:47:53","guid":{"rendered":"http:\/\/li-mac.org\/wp\/"},"modified":"2012-07-19T09:38:10","modified_gmt":"2012-07-19T09:38:10","slug":"art-for-the-artworld-surface-pattern","status":"publish","type":"page","link":"https:\/\/li-mac.org\/es\/projects\/rests-in-press\/1969-1990\/art-for-the-artworld-surface-pattern\/","title":{"rendered":"Arte para la superficie del dise\u00f1o del Mundo del Arte"},"content":{"rendered":"","protected":false},"excerpt":{"rendered":"<p><strong>Adrian Piper<\/strong> <small>(Estados Unidos, 1948)<\/small><br \/>\n1976<br \/>\ninstalaci\u00f3n t\u00e9cnica mixta: construido de madera, impresi\u00f3n personalizada sobre pared con recortes de prensa y textos estampados, cintas audio, bombilla<br \/>\n60 x 60 x 84 \u00bb \/ 152,4 x 152,4 x 213,3 cm.<\/p>\n<p><small>Colecci\u00f3n MoMA, San Francisco<br \/>\n<a href=\"http:\/\/www.adrianpiper.com\/\" rel=\"external\">\u00a9 Fundaci\u00f3n APRA, Berl\u00edn<\/a><\/small><\/p>\n","protected":false},"author":2,"featured_media":3097,"parent":3093,"menu_order":771,"comment_status":"open","ping_status":"open","template":"image.php","meta":{"footnotes":""},"class_list":["post-3117","page","type-page","status-publish","has-post-thumbnail","hentry"],"_links":{"self":[{"href":"https:\/\/li-mac.org\/es\/wp-json\/wp\/v2\/pages\/3117","targetHints":{"allow":["GET"]}}],"collection":[{"href":"https:\/\/li-mac.org\/es\/wp-json\/wp\/v2\/pages"}],"about":[{"href":"https:\/\/li-mac.org\/es\/wp-json\/wp\/v2\/types\/page"}],"author":[{"embeddable":true,"href":"https:\/\/li-mac.org\/es\/wp-json\/wp\/v2\/users\/2"}],"replies":[{"embeddable":true,"href":"https:\/\/li-mac.org\/es\/wp-json\/wp\/v2\/comments?post=3117"}],"version-history":[{"count":13,"href":"https:\/\/li-mac.org\/es\/wp-json\/wp\/v2\/pages\/3117\/revisions"}],"predecessor-version":[{"id":13247,"href":"https:\/\/li-mac.org\/es\/wp-json\/wp\/v2\/pages\/3117\/revisions\/13247"}],"up":[{"embeddable":true,"href":"https:\/\/li-mac.org\/es\/wp-json\/wp\/v2\/pages\/3093"}],"wp:featuredmedia":[{"embeddable":true,"href":"https:\/\/li-mac.org\/es\/wp-json\/wp\/v2\/media\/3097"}],"wp:attachment":[{"href":"https:\/\/li-mac.org\/es\/wp-json\/wp\/v2\/media?parent=3117"}],"curies":[{"name":"wp","href":"https:\/\/api.w.org\/{rel}","templated":true}]}}