{"id":3119,"date":"2011-09-16T17:57:51","date_gmt":"2011-09-16T17:57:51","guid":{"rendered":"http:\/\/li-mac.org\/wp\/"},"modified":"2012-07-19T10:31:07","modified_gmt":"2012-07-19T10:31:07","slug":"this-is-not-the-documentation-of-a-performance","status":"publish","type":"page","link":"https:\/\/li-mac.org\/es\/projects\/rests-in-press\/1969-1990\/this-is-not-the-documentation-of-a-performance\/","title":{"rendered":"Esto no es la documentaci\u00f3n de una performance"},"content":{"rendered":"","protected":false},"excerpt":{"rendered":"<p><strong>Adrian Piper<\/strong> <small>(Estados Unidos, 1948)<\/small><br \/>\n1976<br \/>\nart\u00edculo de prensa serigrafiado con fotograf\u00eda y texto modificado<br \/>\n49 x 45&#8243; \/ 124,5 x 114,3 cm.<\/p>\n<p><small>Colecci\u00f3n del archivo de la fundaci\u00f3n de investigaci\u00f3n Adrian Piper, Berlin<br \/>\n<a href=\"http:\/\/www.adrianpiper.com\/\" rel=\"external\">\u00a9 Fundaci\u00f3n APRA, Berlin<\/a><\/small><\/p>\n","protected":false},"author":2,"featured_media":3099,"parent":3093,"menu_order":782,"comment_status":"open","ping_status":"open","template":"image.php","meta":{"footnotes":""},"class_list":["post-3119","page","type-page","status-publish","has-post-thumbnail","hentry"],"_links":{"self":[{"href":"https:\/\/li-mac.org\/es\/wp-json\/wp\/v2\/pages\/3119","targetHints":{"allow":["GET"]}}],"collection":[{"href":"https:\/\/li-mac.org\/es\/wp-json\/wp\/v2\/pages"}],"about":[{"href":"https:\/\/li-mac.org\/es\/wp-json\/wp\/v2\/types\/page"}],"author":[{"embeddable":true,"href":"https:\/\/li-mac.org\/es\/wp-json\/wp\/v2\/users\/2"}],"replies":[{"embeddable":true,"href":"https:\/\/li-mac.org\/es\/wp-json\/wp\/v2\/comments?post=3119"}],"version-history":[{"count":15,"href":"https:\/\/li-mac.org\/es\/wp-json\/wp\/v2\/pages\/3119\/revisions"}],"predecessor-version":[{"id":13260,"href":"https:\/\/li-mac.org\/es\/wp-json\/wp\/v2\/pages\/3119\/revisions\/13260"}],"up":[{"embeddable":true,"href":"https:\/\/li-mac.org\/es\/wp-json\/wp\/v2\/pages\/3093"}],"wp:featuredmedia":[{"embeddable":true,"href":"https:\/\/li-mac.org\/es\/wp-json\/wp\/v2\/media\/3099"}],"wp:attachment":[{"href":"https:\/\/li-mac.org\/es\/wp-json\/wp\/v2\/media?parent=3119"}],"curies":[{"name":"wp","href":"https:\/\/api.w.org\/{rel}","templated":true}]}}