{"id":327,"date":"2011-04-28T20:42:27","date_gmt":"2011-04-28T20:42:27","guid":{"rendered":"http:\/\/li-mac.org\/wp\/?page_id=327"},"modified":"2012-09-11T20:06:53","modified_gmt":"2012-09-11T20:06:53","slug":"social-fragments","status":"publish","type":"page","link":"https:\/\/li-mac.org\/es\/projects\/social-fragments\/","title":{"rendered":"Fragmentos sociales"},"content":{"rendered":"<p>El archivo <em>Fragmentos sociales<\/em> re\u00fane folletos, pegatinas, reposavasos, tarjetas postales o envases de alimentaci\u00f3n con una cierta pr\u00e1ctica pol\u00edtica y contexto social. La mayor\u00eda son del tama\u00f1o de una carta o de bolsillo. El archivo se presenta como una invitaci\u00f3n a que el visitante colabore con su ampliaci\u00f3n.<\/p>","protected":false},"excerpt":{"rendered":"<p>El archivo Fragmentos sociales re\u00fane folletos, pegatinas, reposavasos, tarjetas postales o envases de alimentaci\u00f3n con una cierta pr\u00e1ctica pol\u00edtica y contexto social. La mayor\u00eda son del tama\u00f1o de una carta o de bolsillo. El archivo se presenta como una invitaci\u00f3n a que el visitante colabore con su ampliaci\u00f3n.<\/p>\n","protected":false},"author":1,"featured_media":0,"parent":6,"menu_order":977,"comment_status":"open","ping_status":"open","template":"gallery.php","meta":{"footnotes":""},"class_list":["post-327","page","type-page","status-publish","hentry"],"_links":{"self":[{"href":"https:\/\/li-mac.org\/es\/wp-json\/wp\/v2\/pages\/327","targetHints":{"allow":["GET"]}}],"collection":[{"href":"https:\/\/li-mac.org\/es\/wp-json\/wp\/v2\/pages"}],"about":[{"href":"https:\/\/li-mac.org\/es\/wp-json\/wp\/v2\/types\/page"}],"author":[{"embeddable":true,"href":"https:\/\/li-mac.org\/es\/wp-json\/wp\/v2\/users\/1"}],"replies":[{"embeddable":true,"href":"https:\/\/li-mac.org\/es\/wp-json\/wp\/v2\/comments?post=327"}],"version-history":[{"count":18,"href":"https:\/\/li-mac.org\/es\/wp-json\/wp\/v2\/pages\/327\/revisions"}],"predecessor-version":[{"id":13630,"href":"https:\/\/li-mac.org\/es\/wp-json\/wp\/v2\/pages\/327\/revisions\/13630"}],"up":[{"embeddable":true,"href":"https:\/\/li-mac.org\/es\/wp-json\/wp\/v2\/pages\/6"}],"wp:attachment":[{"href":"https:\/\/li-mac.org\/es\/wp-json\/wp\/v2\/media?parent=327"}],"curies":[{"name":"wp","href":"https:\/\/api.w.org\/{rel}","templated":true}]}}