{"id":329,"date":"2011-04-28T20:42:58","date_gmt":"2011-04-28T20:42:58","guid":{"rendered":"http:\/\/li-mac.org\/wp\/?page_id=329"},"modified":"2012-09-11T19:42:45","modified_gmt":"2012-09-11T19:42:45","slug":"d-i-y-scores","status":"publish","type":"page","link":"https:\/\/li-mac.org\/es\/projects\/d-i-y-scores\/","title":{"rendered":"Partituras D.I.Y."},"content":{"rendered":"<p>Esta selecci\u00f3n re\u00fane flyers de conciertos DIY (Hazlo tu mismo) que se produjeron en varias partes del mundo. La vitalidad est\u00e9tica de estos documentos es representativa de la autonom\u00eda de cada evento. Para ampliar este archivo, LiMAC esta interesado en recibir propuestas de nuevos flyers por sus visitantes.<\/p>","protected":false},"excerpt":{"rendered":"<p>Esta selecci\u00f3n re\u00fane flyers de conciertos DIY (Hazlo tu mismo) que se produjeron en varias partes del mundo. La vitalidad est\u00e9tica de estos documentos es representativa de la autonom\u00eda de cada evento. Para ampliar este archivo, LiMAC esta interesado en recibir propuestas de nuevos flyers por sus visitantes.<\/p>\n","protected":false},"author":1,"featured_media":0,"parent":6,"menu_order":983,"comment_status":"open","ping_status":"open","template":"gallery.php","meta":{"footnotes":""},"class_list":["post-329","page","type-page","status-publish","hentry"],"_links":{"self":[{"href":"https:\/\/li-mac.org\/es\/wp-json\/wp\/v2\/pages\/329","targetHints":{"allow":["GET"]}}],"collection":[{"href":"https:\/\/li-mac.org\/es\/wp-json\/wp\/v2\/pages"}],"about":[{"href":"https:\/\/li-mac.org\/es\/wp-json\/wp\/v2\/types\/page"}],"author":[{"embeddable":true,"href":"https:\/\/li-mac.org\/es\/wp-json\/wp\/v2\/users\/1"}],"replies":[{"embeddable":true,"href":"https:\/\/li-mac.org\/es\/wp-json\/wp\/v2\/comments?post=329"}],"version-history":[{"count":23,"href":"https:\/\/li-mac.org\/es\/wp-json\/wp\/v2\/pages\/329\/revisions"}],"predecessor-version":[{"id":13533,"href":"https:\/\/li-mac.org\/es\/wp-json\/wp\/v2\/pages\/329\/revisions\/13533"}],"up":[{"embeddable":true,"href":"https:\/\/li-mac.org\/es\/wp-json\/wp\/v2\/pages\/6"}],"wp:attachment":[{"href":"https:\/\/li-mac.org\/es\/wp-json\/wp\/v2\/media?parent=329"}],"curies":[{"name":"wp","href":"https:\/\/api.w.org\/{rel}","templated":true}]}}