{"id":3406,"date":"2011-09-19T09:14:24","date_gmt":"2011-09-19T09:14:24","guid":{"rendered":"http:\/\/li-mac.org\/wp\/"},"modified":"2013-12-13T12:56:07","modified_gmt":"2013-12-13T12:56:07","slug":"i","status":"publish","type":"page","link":"https:\/\/li-mac.org\/es\/projects\/rests-in-press\/1991-2002\/i\/","title":{"rendered":"Peri\u00f3dico &#8211; Primer embri\u00f3 humano clonado, dicen los cient\u00edficos"},"content":{"rendered":"","protected":false},"excerpt":{"rendered":"<p><strong>Pierre Bismuth<\/strong> <small>(Franc\u00eda, 1963)<\/small><br \/>\n<em>The Daily Telegraph, Monday, November 26, 2001<\/em><br \/>\ncollage sobre peri\u00f3dico<br \/>\n63,5 x 41 cm. <\/p>\n<p><small>(Cortes\u00eda de Bugada &#038; Cargnel, Paris)<\/small><\/p>\n","protected":false},"author":2,"featured_media":3393,"parent":3583,"menu_order":739,"comment_status":"open","ping_status":"open","template":"image.php","meta":{"footnotes":""},"class_list":["post-3406","page","type-page","status-publish","has-post-thumbnail","hentry"],"_links":{"self":[{"href":"https:\/\/li-mac.org\/es\/wp-json\/wp\/v2\/pages\/3406","targetHints":{"allow":["GET"]}}],"collection":[{"href":"https:\/\/li-mac.org\/es\/wp-json\/wp\/v2\/pages"}],"about":[{"href":"https:\/\/li-mac.org\/es\/wp-json\/wp\/v2\/types\/page"}],"author":[{"embeddable":true,"href":"https:\/\/li-mac.org\/es\/wp-json\/wp\/v2\/users\/2"}],"replies":[{"embeddable":true,"href":"https:\/\/li-mac.org\/es\/wp-json\/wp\/v2\/comments?post=3406"}],"version-history":[{"count":9,"href":"https:\/\/li-mac.org\/es\/wp-json\/wp\/v2\/pages\/3406\/revisions"}],"predecessor-version":[{"id":4398,"href":"https:\/\/li-mac.org\/es\/wp-json\/wp\/v2\/pages\/3406\/revisions\/4398"}],"up":[{"embeddable":true,"href":"https:\/\/li-mac.org\/es\/wp-json\/wp\/v2\/pages\/3583"}],"wp:featuredmedia":[{"embeddable":true,"href":"https:\/\/li-mac.org\/es\/wp-json\/wp\/v2\/media\/3393"}],"wp:attachment":[{"href":"https:\/\/li-mac.org\/es\/wp-json\/wp\/v2\/media?parent=3406"}],"curies":[{"name":"wp","href":"https:\/\/api.w.org\/{rel}","templated":true}]}}