{"id":3408,"date":"2011-09-19T09:16:51","date_gmt":"2011-09-19T09:16:51","guid":{"rendered":"http:\/\/li-mac.org\/wp\/"},"modified":"2013-12-13T13:14:18","modified_gmt":"2013-12-13T13:14:18","slug":"newspaper-double-duty","status":"publish","type":"page","link":"https:\/\/li-mac.org\/es\/projects\/rests-in-press\/2003-2004\/newspaper-double-duty\/","title":{"rendered":"Peri\u00f3dico &#8211; Doble funci\u00f3n"},"content":{"rendered":"","protected":false},"excerpt":{"rendered":"<p><strong>Pierre Bismuth (Franc\u00eda, 1963)<\/strong><br \/>\n<em>International Herald Tribune, Wednesday, March 26, 2003<\/em><br \/>\ncollage sobre peri\u00f3dico<br \/>\n58 x 36 cm.<br \/>\n<small>(Cortes\u00eda de Jan Mot Galerie, Brusselas)<\/small><\/p>\n","protected":false},"author":2,"featured_media":3394,"parent":8937,"menu_order":530,"comment_status":"open","ping_status":"open","template":"image.php","meta":{"footnotes":""},"class_list":["post-3408","page","type-page","status-publish","has-post-thumbnail","hentry"],"_links":{"self":[{"href":"https:\/\/li-mac.org\/es\/wp-json\/wp\/v2\/pages\/3408","targetHints":{"allow":["GET"]}}],"collection":[{"href":"https:\/\/li-mac.org\/es\/wp-json\/wp\/v2\/pages"}],"about":[{"href":"https:\/\/li-mac.org\/es\/wp-json\/wp\/v2\/types\/page"}],"author":[{"embeddable":true,"href":"https:\/\/li-mac.org\/es\/wp-json\/wp\/v2\/users\/2"}],"replies":[{"embeddable":true,"href":"https:\/\/li-mac.org\/es\/wp-json\/wp\/v2\/comments?post=3408"}],"version-history":[{"count":14,"href":"https:\/\/li-mac.org\/es\/wp-json\/wp\/v2\/pages\/3408\/revisions"}],"predecessor-version":[{"id":18756,"href":"https:\/\/li-mac.org\/es\/wp-json\/wp\/v2\/pages\/3408\/revisions\/18756"}],"up":[{"embeddable":true,"href":"https:\/\/li-mac.org\/es\/wp-json\/wp\/v2\/pages\/8937"}],"wp:featuredmedia":[{"embeddable":true,"href":"https:\/\/li-mac.org\/es\/wp-json\/wp\/v2\/media\/3394"}],"wp:attachment":[{"href":"https:\/\/li-mac.org\/es\/wp-json\/wp\/v2\/media?parent=3408"}],"curies":[{"name":"wp","href":"https:\/\/api.w.org\/{rel}","templated":true}]}}