{"id":3659,"date":"2011-09-21T09:42:26","date_gmt":"2011-09-21T09:42:26","guid":{"rendered":"http:\/\/li-mac.org\/wp\/?page_id=3659"},"modified":"2014-09-22T20:43:44","modified_gmt":"2014-09-22T20:43:44","slug":"memory-of-the-postwar-iii","status":"publish","type":"page","link":"https:\/\/li-mac.org\/es\/projects\/rests-in-press\/2003-2004\/memory-of-the-postwar-iii\/","title":{"rendered":"Memoria de la posguerra III"},"content":{"rendered":"","protected":false},"excerpt":{"rendered":"<p><strong>Tania Bruguera<\/strong> <small>(Cuba, 1968)<\/small><br \/>\n2003<br \/>\nPeriodicos editados<br \/>\nPeri\u00f3dicos sin nombres, fechas o noticias, consignas pol\u00edticas utilizadas por la Revoluci\u00f3n Cubana, reproducci\u00f3n de carteles utilizados para publicitar sloganes revolucionarios, tinta roja, tinta negra \/ papel de peri\u00f3dico<br \/>\n11.2&#8243; x 15.9&#8243;<\/p>\n<p><small><a href=\"http:\/\/www.taniabruguera.com\/cms\/\" rel=\"external\">(Cortes\u00eda del artista)<\/a><\/small><\/p>\n","protected":false},"author":2,"featured_media":3630,"parent":8937,"menu_order":472,"comment_status":"open","ping_status":"open","template":"image.php","meta":{"footnotes":""},"class_list":["post-3659","page","type-page","status-publish","has-post-thumbnail","hentry"],"_links":{"self":[{"href":"https:\/\/li-mac.org\/es\/wp-json\/wp\/v2\/pages\/3659","targetHints":{"allow":["GET"]}}],"collection":[{"href":"https:\/\/li-mac.org\/es\/wp-json\/wp\/v2\/pages"}],"about":[{"href":"https:\/\/li-mac.org\/es\/wp-json\/wp\/v2\/types\/page"}],"author":[{"embeddable":true,"href":"https:\/\/li-mac.org\/es\/wp-json\/wp\/v2\/users\/2"}],"replies":[{"embeddable":true,"href":"https:\/\/li-mac.org\/es\/wp-json\/wp\/v2\/comments?post=3659"}],"version-history":[{"count":11,"href":"https:\/\/li-mac.org\/es\/wp-json\/wp\/v2\/pages\/3659\/revisions"}],"predecessor-version":[{"id":20616,"href":"https:\/\/li-mac.org\/es\/wp-json\/wp\/v2\/pages\/3659\/revisions\/20616"}],"up":[{"embeddable":true,"href":"https:\/\/li-mac.org\/es\/wp-json\/wp\/v2\/pages\/8937"}],"wp:featuredmedia":[{"embeddable":true,"href":"https:\/\/li-mac.org\/es\/wp-json\/wp\/v2\/media\/3630"}],"wp:attachment":[{"href":"https:\/\/li-mac.org\/es\/wp-json\/wp\/v2\/media?parent=3659"}],"curies":[{"name":"wp","href":"https:\/\/api.w.org\/{rel}","templated":true}]}}