{"id":4440,"date":"2011-09-28T16:31:15","date_gmt":"2011-09-28T16:31:15","guid":{"rendered":"http:\/\/li-mac.org\/wp\/?page_id=4440"},"modified":"2012-07-20T08:17:56","modified_gmt":"2012-07-20T08:17:56","slug":"compost","status":"publish","type":"page","link":"https:\/\/li-mac.org\/es\/projects\/rests-in-press\/2003-2004\/compost\/","title":{"rendered":"Compost"},"content":{"rendered":"","protected":false},"excerpt":{"rendered":"<p><strong>Gabriel Kuri<\/strong> <small>(Mexico, 1970)<\/small><br \/>\n2004<br \/>\nc\u00e1scaras de frutas de pl\u00e1stico en pilas de peri\u00f3dicos<br \/>\n20 x 120 x 60 cm. <\/p>\n<p><small>(<a href=\"http:\/\/www.kurimanzutto.com\/\" rel=\"external\">Cortes\u00eda del artista y kurimanzutto, Mexico<\/a>)<\/small><\/p>\n","protected":false},"author":2,"featured_media":4432,"parent":8937,"menu_order":533,"comment_status":"open","ping_status":"open","template":"image.php","meta":{"footnotes":""},"class_list":["post-4440","page","type-page","status-publish","has-post-thumbnail","hentry"],"_links":{"self":[{"href":"https:\/\/li-mac.org\/es\/wp-json\/wp\/v2\/pages\/4440","targetHints":{"allow":["GET"]}}],"collection":[{"href":"https:\/\/li-mac.org\/es\/wp-json\/wp\/v2\/pages"}],"about":[{"href":"https:\/\/li-mac.org\/es\/wp-json\/wp\/v2\/types\/page"}],"author":[{"embeddable":true,"href":"https:\/\/li-mac.org\/es\/wp-json\/wp\/v2\/users\/2"}],"replies":[{"embeddable":true,"href":"https:\/\/li-mac.org\/es\/wp-json\/wp\/v2\/comments?post=4440"}],"version-history":[{"count":14,"href":"https:\/\/li-mac.org\/es\/wp-json\/wp\/v2\/pages\/4440\/revisions"}],"predecessor-version":[{"id":13306,"href":"https:\/\/li-mac.org\/es\/wp-json\/wp\/v2\/pages\/4440\/revisions\/13306"}],"up":[{"embeddable":true,"href":"https:\/\/li-mac.org\/es\/wp-json\/wp\/v2\/pages\/8937"}],"wp:featuredmedia":[{"embeddable":true,"href":"https:\/\/li-mac.org\/es\/wp-json\/wp\/v2\/media\/4432"}],"wp:attachment":[{"href":"https:\/\/li-mac.org\/es\/wp-json\/wp\/v2\/media?parent=4440"}],"curies":[{"name":"wp","href":"https:\/\/api.w.org\/{rel}","templated":true}]}}