{"id":4475,"date":"2011-09-28T17:19:15","date_gmt":"2011-09-28T17:19:15","guid":{"rendered":"http:\/\/li-mac.org\/wp\/?page_id=4475"},"modified":"2013-12-13T13:13:09","modified_gmt":"2013-12-13T13:13:09","slug":"untitled-les-jours-de-cette-societe-est-compte-le-monde","status":"publish","type":"page","link":"https:\/\/li-mac.org\/es\/projects\/rests-in-press\/2010-2\/untitled-les-jours-de-cette-societe-est-compte-le-monde\/","title":{"rendered":"Sin t\u00edtulo (les jours de cette soci\u00e9t\u00e9 est compt\u00e9, Le Monde)"},"content":{"rendered":"","protected":false},"excerpt":{"rendered":"<p><strong>Rirkrit Tiravanija<\/strong> <small>(Argentina, 1961)<\/small><br \/>\n2010<br \/>\nPintura sobre peri\u00f3dico<\/p>\n<p><small><a href=\"http:\/\/www.crousel.com\" rel=\"external\">(Cortes\u00eda del artista y Galerie Chantal Crousel, Paris)<\/a><br \/>\n\u00a9 Florian Kleinefenn<\/small><\/p>\n","protected":false},"author":2,"featured_media":4464,"parent":9269,"menu_order":350,"comment_status":"open","ping_status":"open","template":"image.php","meta":{"footnotes":""},"class_list":["post-4475","page","type-page","status-publish","has-post-thumbnail","hentry"],"_links":{"self":[{"href":"https:\/\/li-mac.org\/es\/wp-json\/wp\/v2\/pages\/4475","targetHints":{"allow":["GET"]}}],"collection":[{"href":"https:\/\/li-mac.org\/es\/wp-json\/wp\/v2\/pages"}],"about":[{"href":"https:\/\/li-mac.org\/es\/wp-json\/wp\/v2\/types\/page"}],"author":[{"embeddable":true,"href":"https:\/\/li-mac.org\/es\/wp-json\/wp\/v2\/users\/2"}],"replies":[{"embeddable":true,"href":"https:\/\/li-mac.org\/es\/wp-json\/wp\/v2\/comments?post=4475"}],"version-history":[{"count":12,"href":"https:\/\/li-mac.org\/es\/wp-json\/wp\/v2\/pages\/4475\/revisions"}],"predecessor-version":[{"id":18755,"href":"https:\/\/li-mac.org\/es\/wp-json\/wp\/v2\/pages\/4475\/revisions\/18755"}],"up":[{"embeddable":true,"href":"https:\/\/li-mac.org\/es\/wp-json\/wp\/v2\/pages\/9269"}],"wp:featuredmedia":[{"embeddable":true,"href":"https:\/\/li-mac.org\/es\/wp-json\/wp\/v2\/media\/4464"}],"wp:attachment":[{"href":"https:\/\/li-mac.org\/es\/wp-json\/wp\/v2\/media?parent=4475"}],"curies":[{"name":"wp","href":"https:\/\/api.w.org\/{rel}","templated":true}]}}