{"id":5073,"date":"2011-10-07T11:50:32","date_gmt":"2011-10-07T11:50:32","guid":{"rendered":"http:\/\/li-mac.org\/wp\/?page_id=5073"},"modified":"2012-07-19T10:17:21","modified_gmt":"2012-07-19T10:17:21","slug":"untitled-five-vertical-red-lines","status":"publish","type":"page","link":"https:\/\/li-mac.org\/es\/projects\/rests-in-press\/1969-1990\/untitled-five-vertical-red-lines\/","title":{"rendered":"Sin t\u00edtulo (Cinco lineas rojas verticales)"},"content":{"rendered":"","protected":false},"excerpt":{"rendered":"<p><strong>Paul Thek<\/strong> <small>(Estados Unidos, 1933 -1988)<\/small><br \/>\n1981<br \/>\npol\u00edmero sint\u00e9tico y yeso sobre peri\u00f3dico<br \/>\n22 3\/8 x 28 7\/8 in. \/ 56.8 x 73.3 cm.<\/p>\n<p><small>Foto: Bill Orcutt<br \/>\nWatermill Center Collection<br \/>\n(<a href=\"http:\/\/www.alexanderandbonin.com\/\" rel=\"external\">Cortes\u00eda Alexander and Bonin, Nueva York<\/a>)<br \/>\n\u00a9 El legado de George Paul Thek<\/small><\/p>\n","protected":false},"author":2,"featured_media":5071,"parent":3093,"menu_order":783,"comment_status":"open","ping_status":"open","template":"image.php","meta":{"footnotes":""},"class_list":["post-5073","page","type-page","status-publish","has-post-thumbnail","hentry"],"_links":{"self":[{"href":"https:\/\/li-mac.org\/es\/wp-json\/wp\/v2\/pages\/5073","targetHints":{"allow":["GET"]}}],"collection":[{"href":"https:\/\/li-mac.org\/es\/wp-json\/wp\/v2\/pages"}],"about":[{"href":"https:\/\/li-mac.org\/es\/wp-json\/wp\/v2\/types\/page"}],"author":[{"embeddable":true,"href":"https:\/\/li-mac.org\/es\/wp-json\/wp\/v2\/users\/2"}],"replies":[{"embeddable":true,"href":"https:\/\/li-mac.org\/es\/wp-json\/wp\/v2\/comments?post=5073"}],"version-history":[{"count":9,"href":"https:\/\/li-mac.org\/es\/wp-json\/wp\/v2\/pages\/5073\/revisions"}],"predecessor-version":[{"id":13258,"href":"https:\/\/li-mac.org\/es\/wp-json\/wp\/v2\/pages\/5073\/revisions\/13258"}],"up":[{"embeddable":true,"href":"https:\/\/li-mac.org\/es\/wp-json\/wp\/v2\/pages\/3093"}],"wp:featuredmedia":[{"embeddable":true,"href":"https:\/\/li-mac.org\/es\/wp-json\/wp\/v2\/media\/5071"}],"wp:attachment":[{"href":"https:\/\/li-mac.org\/es\/wp-json\/wp\/v2\/media?parent=5073"}],"curies":[{"name":"wp","href":"https:\/\/api.w.org\/{rel}","templated":true}]}}