{"id":5081,"date":"2011-10-07T12:12:06","date_gmt":"2011-10-07T12:12:06","guid":{"rendered":"http:\/\/li-mac.org\/wp\/?page_id=5081"},"modified":"2013-11-15T13:49:41","modified_gmt":"2013-11-15T13:49:41","slug":"brown-splotch","status":"publish","type":"page","link":"https:\/\/li-mac.org\/es\/projects\/rests-in-press\/1969-1990\/brown-splotch\/","title":{"rendered":"Mancha marr\u00f3n"},"content":{"rendered":"","protected":false},"excerpt":{"rendered":"<p><strong>Paul Thek<\/strong> <small>(Estados Unidos, 1933 -1988)<\/small><br \/>\nca. 1981<br \/>\npol\u00edmero sint\u00e9tico y yeso sobre peri\u00f3dico<br \/>\n22 3\/8 x 28 3\/8 in. 56.8 x 72 cm.<\/p>\n<p><small>Foto: Bill Orcutt<br \/>\nWatermill Center Collection<br \/>\n(<a href=\"http:\/\/www.alexanderandbonin.com\/\" rel=\"external\">Cortes\u00eda Alexander and Bonin, Nueva York<\/a>)<br \/>\n\u00a9 El legado de George Paul Thek<\/small><\/p>\n","protected":false},"author":2,"featured_media":5068,"parent":3093,"menu_order":784,"comment_status":"open","ping_status":"open","template":"image.php","meta":{"footnotes":""},"class_list":["post-5081","page","type-page","status-publish","has-post-thumbnail","hentry"],"_links":{"self":[{"href":"https:\/\/li-mac.org\/es\/wp-json\/wp\/v2\/pages\/5081","targetHints":{"allow":["GET"]}}],"collection":[{"href":"https:\/\/li-mac.org\/es\/wp-json\/wp\/v2\/pages"}],"about":[{"href":"https:\/\/li-mac.org\/es\/wp-json\/wp\/v2\/types\/page"}],"author":[{"embeddable":true,"href":"https:\/\/li-mac.org\/es\/wp-json\/wp\/v2\/users\/2"}],"replies":[{"embeddable":true,"href":"https:\/\/li-mac.org\/es\/wp-json\/wp\/v2\/comments?post=5081"}],"version-history":[{"count":8,"href":"https:\/\/li-mac.org\/es\/wp-json\/wp\/v2\/pages\/5081\/revisions"}],"predecessor-version":[{"id":18033,"href":"https:\/\/li-mac.org\/es\/wp-json\/wp\/v2\/pages\/5081\/revisions\/18033"}],"up":[{"embeddable":true,"href":"https:\/\/li-mac.org\/es\/wp-json\/wp\/v2\/pages\/3093"}],"wp:featuredmedia":[{"embeddable":true,"href":"https:\/\/li-mac.org\/es\/wp-json\/wp\/v2\/media\/5068"}],"wp:attachment":[{"href":"https:\/\/li-mac.org\/es\/wp-json\/wp\/v2\/media?parent=5081"}],"curies":[{"name":"wp","href":"https:\/\/api.w.org\/{rel}","templated":true}]}}