{"id":5083,"date":"2011-10-07T12:17:50","date_gmt":"2011-10-07T12:17:50","guid":{"rendered":"http:\/\/li-mac.org\/wp\/?page_id=5083"},"modified":"2012-07-19T09:25:40","modified_gmt":"2012-07-19T09:25:40","slug":"fleur-de-mal","status":"publish","type":"page","link":"https:\/\/li-mac.org\/es\/projects\/rests-in-press\/1969-1990\/fleur-de-mal\/","title":{"rendered":"Fleur de Mal"},"content":{"rendered":"","protected":false},"excerpt":{"rendered":"<p><strong>Paul Thek<\/strong> <small>(Estados Unidos, 1933-1988)<\/small><br \/>\n1975<br \/>\npol\u00edmero sint\u00e9tico sobre peri\u00f3dico<br \/>\n22 1\/2 x 33 1\/2 in. 57 x 85 cm.<\/p>\n<p><small>Foto: Bill Orcutt<br \/>\nColecci\u00f3n privada<br \/>\n(Cortes\u00eda <a href=\"http:\/\/www.alexanderandbonin.com\/\" rel=\"external\">Alexander and Bonin, Nueva York<\/a> &#038; <a href=\"http:\/\/mai36.com\/\" rel=\"external\">Mai 36 Galerie, Z\u00fcrich<\/a>)<br \/>\n\u00a9 El legado de George Paul Thek<\/small><\/p>\n","protected":false},"author":2,"featured_media":5067,"parent":3093,"menu_order":769,"comment_status":"open","ping_status":"open","template":"image.php","meta":{"footnotes":""},"class_list":["post-5083","page","type-page","status-publish","has-post-thumbnail","hentry"],"_links":{"self":[{"href":"https:\/\/li-mac.org\/es\/wp-json\/wp\/v2\/pages\/5083","targetHints":{"allow":["GET"]}}],"collection":[{"href":"https:\/\/li-mac.org\/es\/wp-json\/wp\/v2\/pages"}],"about":[{"href":"https:\/\/li-mac.org\/es\/wp-json\/wp\/v2\/types\/page"}],"author":[{"embeddable":true,"href":"https:\/\/li-mac.org\/es\/wp-json\/wp\/v2\/users\/2"}],"replies":[{"embeddable":true,"href":"https:\/\/li-mac.org\/es\/wp-json\/wp\/v2\/comments?post=5083"}],"version-history":[{"count":10,"href":"https:\/\/li-mac.org\/es\/wp-json\/wp\/v2\/pages\/5083\/revisions"}],"predecessor-version":[{"id":13244,"href":"https:\/\/li-mac.org\/es\/wp-json\/wp\/v2\/pages\/5083\/revisions\/13244"}],"up":[{"embeddable":true,"href":"https:\/\/li-mac.org\/es\/wp-json\/wp\/v2\/pages\/3093"}],"wp:featuredmedia":[{"embeddable":true,"href":"https:\/\/li-mac.org\/es\/wp-json\/wp\/v2\/media\/5067"}],"wp:attachment":[{"href":"https:\/\/li-mac.org\/es\/wp-json\/wp\/v2\/media?parent=5083"}],"curies":[{"name":"wp","href":"https:\/\/api.w.org\/{rel}","templated":true}]}}