{"id":5511,"date":"2011-10-08T20:23:18","date_gmt":"2011-10-08T20:23:18","guid":{"rendered":"http:\/\/li-mac.org\/wp\/?page_id=5511"},"modified":"2012-01-18T14:54:55","modified_gmt":"2012-01-18T14:54:55","slug":"social-sculpture-a-new-generation-of-art-from-mexico","status":"publish","type":"page","link":"https:\/\/li-mac.org\/es\/library\/art-books-mexico\/colective-exhibitions-on-mexican-art\/social-sculpture-a-new-generation-of-art-from-mexico\/","title":{"rendered":"Escultura social  &#8211; Una nueva generaci\u00f3n de arte de Mexico"},"content":{"rendered":"<p><\/p>\n<div id=\"gt-res-content\">\n<div dir=\"ltr\">Esta pintura fue hecha al tama\u00f1o original del cat\u00e1logo de la exposici\u00f3n \u201cEscultura social \u2013 Una nueva generaci\u00f3n de Arte de M\u00e9xico\u201d, editado por Julie Rodr\u00edguez Wildholm. La publicaci\u00f3n incluye textos de los artistas Carlos Amorales, Stefan Br\u00fcggemann, Mario Garc\u00eda Torres, Abraham Cruzvillegas, Yoshua Ok\u00f3n, Pedro Reyes y Itala Schmelz. Fue publicada por el Museo de Arte Contempor\u00e1neo de Chicago en asociaci\u00f3n con la editorial de la Universidad de Yale en 2007.<\/div>\n<\/div>\n<p><\/p>","protected":false},"excerpt":{"rendered":"<p><strong>Biblioteca LiMAC<\/strong><br \/>\n2009<br \/>\n\u00f3leo sobre lienzo<br \/>\n25 x 23 x 1 cm.<\/p>\n","protected":false},"author":2,"featured_media":5410,"parent":5518,"menu_order":0,"comment_status":"open","ping_status":"open","template":"image.php","meta":{"footnotes":""},"class_list":["post-5511","page","type-page","status-publish","has-post-thumbnail","hentry"],"_links":{"self":[{"href":"https:\/\/li-mac.org\/es\/wp-json\/wp\/v2\/pages\/5511","targetHints":{"allow":["GET"]}}],"collection":[{"href":"https:\/\/li-mac.org\/es\/wp-json\/wp\/v2\/pages"}],"about":[{"href":"https:\/\/li-mac.org\/es\/wp-json\/wp\/v2\/types\/page"}],"author":[{"embeddable":true,"href":"https:\/\/li-mac.org\/es\/wp-json\/wp\/v2\/users\/2"}],"replies":[{"embeddable":true,"href":"https:\/\/li-mac.org\/es\/wp-json\/wp\/v2\/comments?post=5511"}],"version-history":[{"count":7,"href":"https:\/\/li-mac.org\/es\/wp-json\/wp\/v2\/pages\/5511\/revisions"}],"predecessor-version":[{"id":12078,"href":"https:\/\/li-mac.org\/es\/wp-json\/wp\/v2\/pages\/5511\/revisions\/12078"}],"up":[{"embeddable":true,"href":"https:\/\/li-mac.org\/es\/wp-json\/wp\/v2\/pages\/5518"}],"wp:featuredmedia":[{"embeddable":true,"href":"https:\/\/li-mac.org\/es\/wp-json\/wp\/v2\/media\/5410"}],"wp:attachment":[{"href":"https:\/\/li-mac.org\/es\/wp-json\/wp\/v2\/media?parent=5511"}],"curies":[{"name":"wp","href":"https:\/\/api.w.org\/{rel}","templated":true}]}}