{"id":5525,"date":"2011-10-08T20:48:33","date_gmt":"2011-10-08T20:48:33","guid":{"rendered":"http:\/\/li-mac.org\/wp\/?page_id=5525"},"modified":"2012-01-18T15:37:44","modified_gmt":"2012-01-18T15:37:44","slug":"las-implicaciones-de-la-imagen-volumen-1","status":"publish","type":"page","link":"https:\/\/li-mac.org\/es\/library\/art-books-mexico\/collections-in-mexico\/las-implicaciones-de-la-imagen-volumen-1\/","title":{"rendered":"Implicaci\u00f3nes de la imagen, Volumen 1"},"content":{"rendered":"<p>Esta pintura fue hecha en el tama\u00f1o original del cat\u00e1logo de la exposici\u00f3n \u201cLas implicaciones de la imagen\u201d, editado por Taiyana Pimentel y Ang\u00e9lica Aguirre. La exposici\u00f3n tuvo lugar en la Universidad Nacional Aut\u00f3noma de M\u00e9xico (UNAM) y present\u00f3 una selecci\u00f3nn de las grandes obras provenientes de la Colecci\u00f3n Coppel. El elefante en la portada del libro es un still de un video del artista Douglas Gordon. Este cat\u00e1logo fue publicado por primera vez en la ciudad de M\u00e9xico en 2006 por la UNAM.<\/p>","protected":false},"excerpt":{"rendered":"<p><strong>Biblioteca LiMAC<\/strong><br \/>\n2009<br \/>\n\u00f3leo sobre lienzo<br \/>\n29 x 23 x 2 cm.<\/p>\n","protected":false},"author":2,"featured_media":5413,"parent":10510,"menu_order":180,"comment_status":"open","ping_status":"open","template":"image.php","meta":{"footnotes":""},"class_list":["post-5525","page","type-page","status-publish","has-post-thumbnail","hentry"],"_links":{"self":[{"href":"https:\/\/li-mac.org\/es\/wp-json\/wp\/v2\/pages\/5525","targetHints":{"allow":["GET"]}}],"collection":[{"href":"https:\/\/li-mac.org\/es\/wp-json\/wp\/v2\/pages"}],"about":[{"href":"https:\/\/li-mac.org\/es\/wp-json\/wp\/v2\/types\/page"}],"author":[{"embeddable":true,"href":"https:\/\/li-mac.org\/es\/wp-json\/wp\/v2\/users\/2"}],"replies":[{"embeddable":true,"href":"https:\/\/li-mac.org\/es\/wp-json\/wp\/v2\/comments?post=5525"}],"version-history":[{"count":5,"href":"https:\/\/li-mac.org\/es\/wp-json\/wp\/v2\/pages\/5525\/revisions"}],"predecessor-version":[{"id":12139,"href":"https:\/\/li-mac.org\/es\/wp-json\/wp\/v2\/pages\/5525\/revisions\/12139"}],"up":[{"embeddable":true,"href":"https:\/\/li-mac.org\/es\/wp-json\/wp\/v2\/pages\/10510"}],"wp:featuredmedia":[{"embeddable":true,"href":"https:\/\/li-mac.org\/es\/wp-json\/wp\/v2\/media\/5413"}],"wp:attachment":[{"href":"https:\/\/li-mac.org\/es\/wp-json\/wp\/v2\/media?parent=5525"}],"curies":[{"name":"wp","href":"https:\/\/api.w.org\/{rel}","templated":true}]}}