{"id":5527,"date":"2011-10-08T21:06:14","date_gmt":"2011-10-08T21:06:14","guid":{"rendered":"http:\/\/li-mac.org\/wp\/?page_id=5527"},"modified":"2012-01-19T16:42:45","modified_gmt":"2012-01-19T16:42:45","slug":"some-things-happen-more-often-than-all-of-the-time","status":"publish","type":"page","link":"https:\/\/li-mac.org\/es\/library\/art-books-mexico\/mexican-artists\/some-things-happen-more-often-than-all-of-the-time\/","title":{"rendered":"Algunas cosas pasan m\u00e1s veces que todo el tiempo"},"content":{"rendered":"<p><\/p>\n<div id=\"gt-src-c\">\n<div id=\"gt-src-p\">\n<div id=\"gt-src-wrap\">\n<div dir=\"ltr\">Esta pintura fue hecha al tama\u00f1o original del libro \u201cAlgunas cosas pasan m\u00e1s veces que todo el tiempo\u201d con motivo de la presentaci\u00f3n del artista Rafael Lozano-Hemmer en el pabell\u00f3n mexicano en la Bienal de Venecia en 2007. El cat\u00e1logo ha sido editado por Turner en ingl\u00e9s y espa\u00f1ol.<\/div>\n<\/div>\n<\/div>\n<\/div>\n<p><\/p>","protected":false},"excerpt":{"rendered":"<p><strong>Biblioteca LiMAC<\/strong><br \/>\n2009<br \/>\n\u00f3leo sobre lienzo<br \/>\n25, 5 x 19,5 x 2 cm.<\/p>\n","protected":false},"author":2,"featured_media":5411,"parent":5513,"menu_order":806,"comment_status":"open","ping_status":"open","template":"image.php","meta":{"footnotes":""},"class_list":["post-5527","page","type-page","status-publish","has-post-thumbnail","hentry"],"_links":{"self":[{"href":"https:\/\/li-mac.org\/es\/wp-json\/wp\/v2\/pages\/5527","targetHints":{"allow":["GET"]}}],"collection":[{"href":"https:\/\/li-mac.org\/es\/wp-json\/wp\/v2\/pages"}],"about":[{"href":"https:\/\/li-mac.org\/es\/wp-json\/wp\/v2\/types\/page"}],"author":[{"embeddable":true,"href":"https:\/\/li-mac.org\/es\/wp-json\/wp\/v2\/users\/2"}],"replies":[{"embeddable":true,"href":"https:\/\/li-mac.org\/es\/wp-json\/wp\/v2\/comments?post=5527"}],"version-history":[{"count":9,"href":"https:\/\/li-mac.org\/es\/wp-json\/wp\/v2\/pages\/5527\/revisions"}],"predecessor-version":[{"id":12031,"href":"https:\/\/li-mac.org\/es\/wp-json\/wp\/v2\/pages\/5527\/revisions\/12031"}],"up":[{"embeddable":true,"href":"https:\/\/li-mac.org\/es\/wp-json\/wp\/v2\/pages\/5513"}],"wp:featuredmedia":[{"embeddable":true,"href":"https:\/\/li-mac.org\/es\/wp-json\/wp\/v2\/media\/5411"}],"wp:attachment":[{"href":"https:\/\/li-mac.org\/es\/wp-json\/wp\/v2\/media?parent=5527"}],"curies":[{"name":"wp","href":"https:\/\/api.w.org\/{rel}","templated":true}]}}