{"id":5535,"date":"2011-10-08T21:25:00","date_gmt":"2011-10-08T21:25:00","guid":{"rendered":"http:\/\/li-mac.org\/wp\/?page_id=5535"},"modified":"2012-01-18T14:09:25","modified_gmt":"2012-01-18T14:09:25","slug":"painting-in-the-works","status":"publish","type":"page","link":"https:\/\/li-mac.org\/es\/library\/art-books-mexico\/mexican-artists\/painting-in-the-works\/","title":{"rendered":"Pintura en obra"},"content":{"rendered":"<p><\/p>\n<div dir=\"ltr\">Esta pintura fue hecha al tama\u00f1o original del cat\u00e1logo monogr\u00e1fico \u201cPintura en obra\u201d\u00a0 del artista Yishai Jusidman. El libro de 240 p\u00e1ginas incluye un ensayo de Barry Schwabsky y Chritian Faune. Fue publicado por D.A.P.<\/div>\n<p><\/p>","protected":false},"excerpt":{"rendered":"<p><strong>Biblioteca LiMAC<\/strong><br \/>\n2009<br \/>\n\u00f3leo sobre lienzo<br \/>\n27, 5 x 27, 5 x 2 cm.<\/p>\n","protected":false},"author":2,"featured_media":5412,"parent":5513,"menu_order":810,"comment_status":"open","ping_status":"open","template":"image.php","meta":{"footnotes":""},"class_list":["post-5535","page","type-page","status-publish","has-post-thumbnail","hentry"],"_links":{"self":[{"href":"https:\/\/li-mac.org\/es\/wp-json\/wp\/v2\/pages\/5535","targetHints":{"allow":["GET"]}}],"collection":[{"href":"https:\/\/li-mac.org\/es\/wp-json\/wp\/v2\/pages"}],"about":[{"href":"https:\/\/li-mac.org\/es\/wp-json\/wp\/v2\/types\/page"}],"author":[{"embeddable":true,"href":"https:\/\/li-mac.org\/es\/wp-json\/wp\/v2\/users\/2"}],"replies":[{"embeddable":true,"href":"https:\/\/li-mac.org\/es\/wp-json\/wp\/v2\/comments?post=5535"}],"version-history":[{"count":5,"href":"https:\/\/li-mac.org\/es\/wp-json\/wp\/v2\/pages\/5535\/revisions"}],"predecessor-version":[{"id":10592,"href":"https:\/\/li-mac.org\/es\/wp-json\/wp\/v2\/pages\/5535\/revisions\/10592"}],"up":[{"embeddable":true,"href":"https:\/\/li-mac.org\/es\/wp-json\/wp\/v2\/pages\/5513"}],"wp:featuredmedia":[{"embeddable":true,"href":"https:\/\/li-mac.org\/es\/wp-json\/wp\/v2\/media\/5412"}],"wp:attachment":[{"href":"https:\/\/li-mac.org\/es\/wp-json\/wp\/v2\/media?parent=5535"}],"curies":[{"name":"wp","href":"https:\/\/api.w.org\/{rel}","templated":true}]}}