{"id":5540,"date":"2011-10-08T21:55:32","date_gmt":"2011-10-08T21:55:32","guid":{"rendered":"http:\/\/li-mac.org\/wp\/?page_id=5540"},"modified":"2013-11-16T13:05:05","modified_gmt":"2013-11-16T13:05:05","slug":"vision-antiderrapante-antiskid-vision","status":"publish","type":"page","link":"https:\/\/li-mac.org\/es\/library\/art-books-mexico\/mexican-artists\/vision-antiderrapante-antiskid-vision\/","title":{"rendered":"Visi\u00f3n antiderrapante"},"content":{"rendered":"<p>Esta pintura fue hecha al tama\u00f1o original del libro \u201cVisi\u00f3n antiderrapante\u201d del artista Pablo Vargas Lugo. El libro documenta la producci\u00f3n de una instalaci\u00f3n inmensa de 16.000 pir\u00e1mides que fueron presentadas en la colecci\u00f3n Jumex y en la bienal de Sao Paolo. A causa de su tama\u00f1o, la instalaci\u00f3n fue destruida. El libro contiene el registro completo de esta obra. Fue publicado por A&amp;R press en 2006 y su dise\u00f1o fue inspirado por un libro mejicano de 1953 sobre planetas y estrellas.<\/p>","protected":false},"excerpt":{"rendered":"<p><strong>Biblioteca LiMAC<\/strong><br \/>\n\u00f3leo sobre lienzo<br \/>\n31 x 25 x 1,5 cm.<\/p>\n","protected":false},"author":2,"featured_media":5416,"parent":5513,"menu_order":820,"comment_status":"open","ping_status":"open","template":"image.php","meta":{"footnotes":""},"class_list":["post-5540","page","type-page","status-publish","has-post-thumbnail","hentry"],"_links":{"self":[{"href":"https:\/\/li-mac.org\/es\/wp-json\/wp\/v2\/pages\/5540","targetHints":{"allow":["GET"]}}],"collection":[{"href":"https:\/\/li-mac.org\/es\/wp-json\/wp\/v2\/pages"}],"about":[{"href":"https:\/\/li-mac.org\/es\/wp-json\/wp\/v2\/types\/page"}],"author":[{"embeddable":true,"href":"https:\/\/li-mac.org\/es\/wp-json\/wp\/v2\/users\/2"}],"replies":[{"embeddable":true,"href":"https:\/\/li-mac.org\/es\/wp-json\/wp\/v2\/comments?post=5540"}],"version-history":[{"count":7,"href":"https:\/\/li-mac.org\/es\/wp-json\/wp\/v2\/pages\/5540\/revisions"}],"predecessor-version":[{"id":18263,"href":"https:\/\/li-mac.org\/es\/wp-json\/wp\/v2\/pages\/5540\/revisions\/18263"}],"up":[{"embeddable":true,"href":"https:\/\/li-mac.org\/es\/wp-json\/wp\/v2\/pages\/5513"}],"wp:featuredmedia":[{"embeddable":true,"href":"https:\/\/li-mac.org\/es\/wp-json\/wp\/v2\/media\/5416"}],"wp:attachment":[{"href":"https:\/\/li-mac.org\/es\/wp-json\/wp\/v2\/media?parent=5540"}],"curies":[{"name":"wp","href":"https:\/\/api.w.org\/{rel}","templated":true}]}}