{"id":5543,"date":"2011-10-08T22:20:59","date_gmt":"2011-10-08T22:20:59","guid":{"rendered":"http:\/\/li-mac.org\/wp\/?page_id=5543"},"modified":"2012-01-18T15:28:04","modified_gmt":"2012-01-18T15:28:04","slug":"fugitive-sites-new-contemporary","status":"publish","type":"page","link":"https:\/\/li-mac.org\/es\/library\/art-books-mexico\/mexican-u-s-border\/fugitive-sites-new-contemporary\/","title":{"rendered":"Sitios fugitivos &#8211; Nuevos proyectos de arte contemporaneo para San Diego Tijuana"},"content":{"rendered":"<p>Esta pintura fue hecha al tama\u00f1o original de la publicaci\u00f3n \u201cSitios fugitivos \u2013 Nuevos proyectos de arte contempor\u00e1neo para San Diego, Tijuana\u201d El libro re\u00fane una serie de proyectos de artistas que se produjeron alrededor de la frontera entre San Diego y Tijuana. El proyecto busca la implicaci\u00f3n de la comunidad, la creaci\u00f3n en espacios espec\u00edficos, el uso de la ciudad como un laboratorio. Fue publicado en 2003 por Installation Gallery.<\/p>","protected":false},"excerpt":{"rendered":"<p><strong>Biblioteca LiMAC<\/strong><br \/>\n2009<br \/>\n\u00f3leo sobre lienzo<br \/>\n25 x 21,5 x 2 cm.<\/p>\n","protected":false},"author":2,"featured_media":5414,"parent":10516,"menu_order":180,"comment_status":"open","ping_status":"open","template":"image.php","meta":{"footnotes":""},"class_list":["post-5543","page","type-page","status-publish","has-post-thumbnail","hentry"],"_links":{"self":[{"href":"https:\/\/li-mac.org\/es\/wp-json\/wp\/v2\/pages\/5543","targetHints":{"allow":["GET"]}}],"collection":[{"href":"https:\/\/li-mac.org\/es\/wp-json\/wp\/v2\/pages"}],"about":[{"href":"https:\/\/li-mac.org\/es\/wp-json\/wp\/v2\/types\/page"}],"author":[{"embeddable":true,"href":"https:\/\/li-mac.org\/es\/wp-json\/wp\/v2\/users\/2"}],"replies":[{"embeddable":true,"href":"https:\/\/li-mac.org\/es\/wp-json\/wp\/v2\/comments?post=5543"}],"version-history":[{"count":5,"href":"https:\/\/li-mac.org\/es\/wp-json\/wp\/v2\/pages\/5543\/revisions"}],"predecessor-version":[{"id":12127,"href":"https:\/\/li-mac.org\/es\/wp-json\/wp\/v2\/pages\/5543\/revisions\/12127"}],"up":[{"embeddable":true,"href":"https:\/\/li-mac.org\/es\/wp-json\/wp\/v2\/pages\/10516"}],"wp:featuredmedia":[{"embeddable":true,"href":"https:\/\/li-mac.org\/es\/wp-json\/wp\/v2\/media\/5414"}],"wp:attachment":[{"href":"https:\/\/li-mac.org\/es\/wp-json\/wp\/v2\/media?parent=5543"}],"curies":[{"name":"wp","href":"https:\/\/api.w.org\/{rel}","templated":true}]}}