{"id":5547,"date":"2011-10-09T17:11:08","date_gmt":"2011-10-09T17:11:08","guid":{"rendered":"http:\/\/li-mac.org\/wp\/?page_id=5547"},"modified":"2012-01-18T14:57:47","modified_gmt":"2012-01-18T14:57:47","slug":"the-age-of-discrepancies-art-and-visual-culture-in-mexico-1968-1997","status":"publish","type":"page","link":"https:\/\/li-mac.org\/es\/library\/art-books-mexico\/colective-exhibitions-on-mexican-art\/the-age-of-discrepancies-art-and-visual-culture-in-mexico-1968-1997\/","title":{"rendered":"La era de la discrepancia: arte y cultura visual en M\u00e9xico, 1968-1997"},"content":{"rendered":"<p>Esta pintura fue hecha al tama\u00f1o original del cat\u00e1logo de la exposici\u00f3n\u00a0 \u201cLa era de la discrepancia: Arte y cultura visual en M\u00e9xico, 1968-1997\u201d editado por Olivier Debroise, Pilar Garc\u00cca de Germenos y Cuauhtemoc Medina. El libro ofrece una visi\u00f3n amplia y precisa de los eventos culturales de esos a\u00f1os con ilustraciones y fuentes de primera mano. El libro fue publicado por la Universidad Aut\u00f3noma de M\u00e9xico (UNAM) en 2006.<\/p>","protected":false},"excerpt":{"rendered":"<p><strong>Biblioteca LiMAC<\/strong><br \/>\n\u00f3leo sobre lienzo<br \/>\n29 x 22 x 5,5 cm.<\/p>\n","protected":false},"author":2,"featured_media":5417,"parent":5518,"menu_order":810,"comment_status":"open","ping_status":"open","template":"image.php","meta":{"footnotes":""},"class_list":["post-5547","page","type-page","status-publish","has-post-thumbnail","hentry"],"_links":{"self":[{"href":"https:\/\/li-mac.org\/es\/wp-json\/wp\/v2\/pages\/5547","targetHints":{"allow":["GET"]}}],"collection":[{"href":"https:\/\/li-mac.org\/es\/wp-json\/wp\/v2\/pages"}],"about":[{"href":"https:\/\/li-mac.org\/es\/wp-json\/wp\/v2\/types\/page"}],"author":[{"embeddable":true,"href":"https:\/\/li-mac.org\/es\/wp-json\/wp\/v2\/users\/2"}],"replies":[{"embeddable":true,"href":"https:\/\/li-mac.org\/es\/wp-json\/wp\/v2\/comments?post=5547"}],"version-history":[{"count":8,"href":"https:\/\/li-mac.org\/es\/wp-json\/wp\/v2\/pages\/5547\/revisions"}],"predecessor-version":[{"id":5552,"href":"https:\/\/li-mac.org\/es\/wp-json\/wp\/v2\/pages\/5547\/revisions\/5552"}],"up":[{"embeddable":true,"href":"https:\/\/li-mac.org\/es\/wp-json\/wp\/v2\/pages\/5518"}],"wp:featuredmedia":[{"embeddable":true,"href":"https:\/\/li-mac.org\/es\/wp-json\/wp\/v2\/media\/5417"}],"wp:attachment":[{"href":"https:\/\/li-mac.org\/es\/wp-json\/wp\/v2\/media?parent=5547"}],"curies":[{"name":"wp","href":"https:\/\/api.w.org\/{rel}","templated":true}]}}