{"id":5551,"date":"2011-10-09T17:21:20","date_gmt":"2011-10-09T17:21:20","guid":{"rendered":"http:\/\/li-mac.org\/wp\/?page_id=5551"},"modified":"2012-01-18T14:58:16","modified_gmt":"2012-01-18T14:58:16","slug":"mexico-hoy-mexico-today","status":"publish","type":"page","link":"https:\/\/li-mac.org\/es\/library\/art-books-mexico\/colective-exhibitions-on-mexican-art\/mexico-hoy-mexico-today\/","title":{"rendered":"Mexico Hoy"},"content":{"rendered":"<p>Esta pintura fue hecha al tama\u00f1o original del cat\u00e1logo de la exposici\u00f3n \u00abM\u00e9xico Hoy\u00bb, que tuvo lugar en la Casa de Am\u00e9rica de Madrid en 1992.<\/p>","protected":false},"excerpt":{"rendered":"<p><strong>Biblioteca LiMAC<\/strong><br \/>\n\u00f3leo sobre lienzo<br \/>\n30 x 24 x 3 cm.<\/p>\n","protected":false},"author":2,"featured_media":5419,"parent":5518,"menu_order":866,"comment_status":"open","ping_status":"open","template":"image.php","meta":{"footnotes":""},"class_list":["post-5551","page","type-page","status-publish","has-post-thumbnail","hentry"],"_links":{"self":[{"href":"https:\/\/li-mac.org\/es\/wp-json\/wp\/v2\/pages\/5551","targetHints":{"allow":["GET"]}}],"collection":[{"href":"https:\/\/li-mac.org\/es\/wp-json\/wp\/v2\/pages"}],"about":[{"href":"https:\/\/li-mac.org\/es\/wp-json\/wp\/v2\/types\/page"}],"author":[{"embeddable":true,"href":"https:\/\/li-mac.org\/es\/wp-json\/wp\/v2\/users\/2"}],"replies":[{"embeddable":true,"href":"https:\/\/li-mac.org\/es\/wp-json\/wp\/v2\/comments?post=5551"}],"version-history":[{"count":3,"href":"https:\/\/li-mac.org\/es\/wp-json\/wp\/v2\/pages\/5551\/revisions"}],"predecessor-version":[{"id":12081,"href":"https:\/\/li-mac.org\/es\/wp-json\/wp\/v2\/pages\/5551\/revisions\/12081"}],"up":[{"embeddable":true,"href":"https:\/\/li-mac.org\/es\/wp-json\/wp\/v2\/pages\/5518"}],"wp:featuredmedia":[{"embeddable":true,"href":"https:\/\/li-mac.org\/es\/wp-json\/wp\/v2\/media\/5419"}],"wp:attachment":[{"href":"https:\/\/li-mac.org\/es\/wp-json\/wp\/v2\/media?parent=5551"}],"curies":[{"name":"wp","href":"https:\/\/api.w.org\/{rel}","templated":true}]}}