{"id":5554,"date":"2011-10-09T17:30:35","date_gmt":"2011-10-09T17:30:35","guid":{"rendered":"http:\/\/li-mac.org\/wp\/?page_id=5554"},"modified":"2012-01-18T14:58:58","modified_gmt":"2012-01-18T14:58:58","slug":"group-of-the-sixteen-grupo-de-los-dieciseis","status":"publish","type":"page","link":"https:\/\/li-mac.org\/es\/library\/art-books-mexico\/colective-exhibitions-on-mexican-art\/group-of-the-sixteen-grupo-de-los-dieciseis\/","title":{"rendered":"Grupo de los Diecis\u00e9is"},"content":{"rendered":"<p>Esta pintura fue hecha al tama\u00f1o original del cat\u00e1logo de la exposici\u00f3n \u00abColectiva de Arte Contempor\u00e1neo &#8211; Grupo de los Diecis\u00e9is\u00bb.<\/p>","protected":false},"excerpt":{"rendered":"<p><strong>Biblioteca LiMAC<\/strong><br \/>\n\u00f3leo sobre lienzo<br \/>\n21, 5 x 16, 5 x 0,5 cm.<\/p>\n","protected":false},"author":2,"featured_media":5420,"parent":5518,"menu_order":873,"comment_status":"open","ping_status":"open","template":"image.php","meta":{"footnotes":""},"class_list":["post-5554","page","type-page","status-publish","has-post-thumbnail","hentry"],"_links":{"self":[{"href":"https:\/\/li-mac.org\/es\/wp-json\/wp\/v2\/pages\/5554","targetHints":{"allow":["GET"]}}],"collection":[{"href":"https:\/\/li-mac.org\/es\/wp-json\/wp\/v2\/pages"}],"about":[{"href":"https:\/\/li-mac.org\/es\/wp-json\/wp\/v2\/types\/page"}],"author":[{"embeddable":true,"href":"https:\/\/li-mac.org\/es\/wp-json\/wp\/v2\/users\/2"}],"replies":[{"embeddable":true,"href":"https:\/\/li-mac.org\/es\/wp-json\/wp\/v2\/comments?post=5554"}],"version-history":[{"count":3,"href":"https:\/\/li-mac.org\/es\/wp-json\/wp\/v2\/pages\/5554\/revisions"}],"predecessor-version":[{"id":12082,"href":"https:\/\/li-mac.org\/es\/wp-json\/wp\/v2\/pages\/5554\/revisions\/12082"}],"up":[{"embeddable":true,"href":"https:\/\/li-mac.org\/es\/wp-json\/wp\/v2\/pages\/5518"}],"wp:featuredmedia":[{"embeddable":true,"href":"https:\/\/li-mac.org\/es\/wp-json\/wp\/v2\/media\/5420"}],"wp:attachment":[{"href":"https:\/\/li-mac.org\/es\/wp-json\/wp\/v2\/media?parent=5554"}],"curies":[{"name":"wp","href":"https:\/\/api.w.org\/{rel}","templated":true}]}}