{"id":5557,"date":"2011-10-09T17:47:41","date_gmt":"2011-10-09T17:47:41","guid":{"rendered":"http:\/\/li-mac.org\/wp\/?page_id=5557"},"modified":"2012-01-18T15:36:40","modified_gmt":"2012-01-18T15:36:40","slug":"the-skier-at-the-bottom-of-a-well","status":"publish","type":"page","link":"https:\/\/li-mac.org\/es\/library\/art-books-mexico\/collections-in-mexico\/the-skier-at-the-bottom-of-a-well\/","title":{"rendered":"El esquiador en el fondo de un pozo"},"content":{"rendered":"<p>Esta pintura fue hecha al tama\u00f1o original del cat\u00e1logo de la exposici\u00f3n colectiva \u201cEl esquiador en el fondo de un pozo\u201d. La exposici\u00f3n es la quinta presentaci\u00f3n de la Colecci\u00f3n Jumex esta vez centrada en el dibujo, con m\u00e1s de 200 obras que se exhibieron formando un laberinto . El cat\u00e1logo ha sido impreso en Hong Kong en 2006.<\/p>","protected":false},"excerpt":{"rendered":"<p><strong>Biblioteca LiMAC<\/strong><br \/>\n2009<br \/>\noil on canvas<br \/>\n27 x 25 x 3 cm.<\/p>\n","protected":false},"author":2,"featured_media":5422,"parent":10510,"menu_order":0,"comment_status":"open","ping_status":"open","template":"image.php","meta":{"footnotes":""},"class_list":["post-5557","page","type-page","status-publish","has-post-thumbnail","hentry"],"_links":{"self":[{"href":"https:\/\/li-mac.org\/es\/wp-json\/wp\/v2\/pages\/5557","targetHints":{"allow":["GET"]}}],"collection":[{"href":"https:\/\/li-mac.org\/es\/wp-json\/wp\/v2\/pages"}],"about":[{"href":"https:\/\/li-mac.org\/es\/wp-json\/wp\/v2\/types\/page"}],"author":[{"embeddable":true,"href":"https:\/\/li-mac.org\/es\/wp-json\/wp\/v2\/users\/2"}],"replies":[{"embeddable":true,"href":"https:\/\/li-mac.org\/es\/wp-json\/wp\/v2\/comments?post=5557"}],"version-history":[{"count":5,"href":"https:\/\/li-mac.org\/es\/wp-json\/wp\/v2\/pages\/5557\/revisions"}],"predecessor-version":[{"id":5559,"href":"https:\/\/li-mac.org\/es\/wp-json\/wp\/v2\/pages\/5557\/revisions\/5559"}],"up":[{"embeddable":true,"href":"https:\/\/li-mac.org\/es\/wp-json\/wp\/v2\/pages\/10510"}],"wp:featuredmedia":[{"embeddable":true,"href":"https:\/\/li-mac.org\/es\/wp-json\/wp\/v2\/media\/5422"}],"wp:attachment":[{"href":"https:\/\/li-mac.org\/es\/wp-json\/wp\/v2\/media?parent=5557"}],"curies":[{"name":"wp","href":"https:\/\/api.w.org\/{rel}","templated":true}]}}