{"id":5560,"date":"2011-10-09T19:41:33","date_gmt":"2011-10-09T19:41:33","guid":{"rendered":"http:\/\/li-mac.org\/wp\/?page_id=5560"},"modified":"2012-01-18T14:11:57","modified_gmt":"2012-01-18T14:11:57","slug":"walking-distance-from-the-studio","status":"publish","type":"page","link":"https:\/\/li-mac.org\/es\/library\/art-books-mexico\/mexican-artists\/walking-distance-from-the-studio\/","title":{"rendered":"Diez cuadras alrededor del estudio"},"content":{"rendered":"<p>Esta pintura fue hecha al tama\u00f1o original del libro \u201cDiez cuadras alrededor del estudio\u201d, que contiene la descripci\u00f3n de 36 obras de Francis Al\u00ffs sobre la idea de caminar en la ciudad y los personajes que se encuentran en ese deambular (incluyendo perros). El libro tiene un texto y una entrevista de Cuauht\u00e9moc Medina. Fue publicado en ingl\u00e9s y espa\u00f1ol por la Universidad Nacional Aut\u00f3noma de M\u00e9xico (UNAM) en 2006.<\/p>","protected":false},"excerpt":{"rendered":"<p><strong>Biblioteca LiMAC<\/strong><br \/>\n2009<br \/>\n\u00f3leo sobre lienzo<br \/>\n21 x 10,5 x 1 cm.<\/p>\n","protected":false},"author":2,"featured_media":5418,"parent":5513,"menu_order":835,"comment_status":"open","ping_status":"open","template":"image.php","meta":{"footnotes":""},"class_list":["post-5560","page","type-page","status-publish","has-post-thumbnail","hentry"],"_links":{"self":[{"href":"https:\/\/li-mac.org\/es\/wp-json\/wp\/v2\/pages\/5560","targetHints":{"allow":["GET"]}}],"collection":[{"href":"https:\/\/li-mac.org\/es\/wp-json\/wp\/v2\/pages"}],"about":[{"href":"https:\/\/li-mac.org\/es\/wp-json\/wp\/v2\/types\/page"}],"author":[{"embeddable":true,"href":"https:\/\/li-mac.org\/es\/wp-json\/wp\/v2\/users\/2"}],"replies":[{"embeddable":true,"href":"https:\/\/li-mac.org\/es\/wp-json\/wp\/v2\/comments?post=5560"}],"version-history":[{"count":6,"href":"https:\/\/li-mac.org\/es\/wp-json\/wp\/v2\/pages\/5560\/revisions"}],"predecessor-version":[{"id":12038,"href":"https:\/\/li-mac.org\/es\/wp-json\/wp\/v2\/pages\/5560\/revisions\/12038"}],"up":[{"embeddable":true,"href":"https:\/\/li-mac.org\/es\/wp-json\/wp\/v2\/pages\/5513"}],"wp:featuredmedia":[{"embeddable":true,"href":"https:\/\/li-mac.org\/es\/wp-json\/wp\/v2\/media\/5418"}],"wp:attachment":[{"href":"https:\/\/li-mac.org\/es\/wp-json\/wp\/v2\/media?parent=5560"}],"curies":[{"name":"wp","href":"https:\/\/api.w.org\/{rel}","templated":true}]}}